{"id":455,"date":"2023-02-26T19:42:24","date_gmt":"2023-02-26T19:42:24","guid":{"rendered":"https:\/\/pinati.com.tr\/?page_id=455"},"modified":"2023-03-16T18:11:35","modified_gmt":"2023-03-16T15:11:35","slug":"sectors","status":"publish","type":"page","link":"https:\/\/pinati.com.tr\/tr\/sectors\/","title":{"rendered":"SEKT\u00d6RLER"},"content":{"rendered":"<div data-elementor-type=\"wp-page\" data-elementor-id=\"455\" class=\"elementor elementor-455\">\n\t\t\t\t\t\t<section class=\"elementor-section elementor-top-section elementor-element elementor-element-58cf2e87 elementor-section-height-min-height elementor-section-full_width elementor-section-height-default elementor-section-items-middle wpr-particle-no wpr-jarallax-no wpr-parallax-no wpr-sticky-section-no wpr-equal-height-no\" data-id=\"58cf2e87\" data-element_type=\"section\" data-e-type=\"section\" data-settings=\"{&quot;background_background&quot;:&quot;classic&quot;}\">\n\t\t\t\t\t\t<div class=\"elementor-container elementor-column-gap-default\">\n\t\t\t\t\t<div class=\"elementor-column elementor-col-100 elementor-top-column elementor-element elementor-element-7a375da7\" data-id=\"7a375da7\" data-element_type=\"column\" data-e-type=\"column\">\n\t\t\t<div class=\"elementor-widget-wrap elementor-element-populated\">\n\t\t\t\t\t\t\t<\/div>\n\t\t<\/div>\n\t\t\t\t\t<\/div>\n\t\t<\/section>\n\t\t\t\t<section class=\"elementor-section elementor-top-section elementor-element elementor-element-3d25d11 elementor-section-boxed elementor-section-height-default elementor-section-height-default wpr-particle-no wpr-jarallax-no wpr-parallax-no wpr-sticky-section-no wpr-equal-height-no\" data-id=\"3d25d11\" data-element_type=\"section\" data-e-type=\"section\">\n\t\t\t\t\t\t<div class=\"elementor-container elementor-column-gap-default\">\n\t\t\t\t\t<div class=\"elementor-column elementor-col-25 elementor-top-column elementor-element elementor-element-da97e79\" data-id=\"da97e79\" data-element_type=\"column\" data-e-type=\"column\">\n\t\t\t<div class=\"elementor-widget-wrap elementor-element-populated\">\n\t\t\t\t\t\t<div class=\"elementor-element elementor-element-f319682 elementor-widget elementor-widget-text-editor\" data-id=\"f319682\" data-element_type=\"widget\" data-e-type=\"widget\" data-widget_type=\"text-editor.default\">\n\t\t\t\t<div class=\"elementor-widget-container\">\n\t\t\t\t\t\t\t\t\t<h2 style=\"font-weight: 600; font-size: 34px; color: #0088cc;\">Sekt\u00f6rler<\/h2>\n<p style=\";color: #282828; letter-spacing: :0.1px;\">M\u00fc\u015fterilerimizi i\u015flerinin farkl\u0131 a\u015famalar\u0131nda desteklemek i\u00e7in geni\u015f bir hizmet yelpazesini kaps\u0131yoruz. Faaliyetlerimizin \u00fc\u00e7 ana alan\u0131 \u015funlard\u0131r:<\/p>\t\t\t\t\t\t\t\t<\/div>\n\t\t\t\t<\/div>\n\t\t\t\t\t<\/div>\n\t\t<\/div>\n\t\t\t\t<div class=\"elementor-column elementor-col-25 elementor-top-column elementor-element elementor-element-dc7405e\" data-id=\"dc7405e\" data-element_type=\"column\" data-e-type=\"column\">\n\t\t\t<div class=\"elementor-widget-wrap elementor-element-populated\">\n\t\t\t\t\t\t<div class=\"elementor-element elementor-element-3272626 elementor-widget elementor-widget-text-editor\" data-id=\"3272626\" data-element_type=\"widget\" data-e-type=\"widget\" data-widget_type=\"text-editor.default\">\n\t\t\t\t<div class=\"elementor-widget-container\">\n\t\t\t\t\t\t\t\t\t<div style=\"margin: 0px; padding: 0px; outline: 0px; flex-basis: var(--flex-basis); flex-grow: var(--flex-grow); flex-shrink: var(--flex-shrink); order: var(--order); align-self: var(--align-self); flex-direction: var(--flex-direction); flex-wrap: var(--flex-wrap); justify-content: var(--justify-content); align-items: var(--align-items); align-content: var(--align-content); gap: var(--gap); --swiper-theme-color: #000; --swiper-navigation-size: 44px; --swiper-pagination-bullet-size: 6px; --swiper-pagination-bullet-horizontal-gap: 6px; --widgets-spacing: 20px; width: 278.328px; color: #46707f; font-family: 'Open Sans';\" data-id=\"7226b38\" data-element_type=\"widget\" data-widget_type=\"image.default\">\n<div style=\"margin: 0px; padding: 0px; outline: 0px; transition: background 0.3s,border 0.3s,border-radius 0.3s,box-shadow 0.3s,transform var(--e-transform-transition-duration,0.4s);\"><a href=\"https:\/\/pinati.com.tr\/wp-content\/uploads\/2023\/03\/Sec-Sub4.png&quot;\"><img decoding=\"async\" style=\"--smush-placeholder-width: 270px; --smush-placeholder-aspect-ratio: 270\/140;margin: 0px; padding: 0px; outline: 0px; width: 278.328px;\" data-src=\"https:\/\/pinati.com.tr\/wp-content\/uploads\/2023\/03\/Sec-Sub4.png\" alt=\"\" width=\"270\" height=\"140\" src=\"data:image\/svg+xml;base64,PHN2ZyB3aWR0aD0iMSIgaGVpZ2h0PSIxIiB4bWxucz0iaHR0cDovL3d3dy53My5vcmcvMjAwMC9zdmciPjwvc3ZnPg==\" class=\"lazyload\" \/><\/a><\/div>\n<\/div>\t\t\t\t\t\t\t\t<\/div>\n\t\t\t\t<\/div>\n\t\t\t\t<div class=\"elementor-element elementor-element-dd18a26 elementor-widget elementor-widget-text-editor\" data-id=\"dd18a26\" data-element_type=\"widget\" data-e-type=\"widget\" data-widget_type=\"text-editor.default\">\n\t\t\t\t<div class=\"elementor-widget-container\">\n\t\t\t\t\t\t\t\t\t<div style=\"margin: 0px; padding: 20px 20px 10px; outline: 0px; width: 278px; background-color: #f0f0f1;\"><h4 style=\"font-weight: 500; font-size: 22px; color: #0088cc;\">\u00dcretim makineleri ve end\u00fcstriyel ekipman<\/h4><p>Avrupa, t\u00fcm d\u00fcnyada \u00fcretim makineleri ve end\u00fcstriyel ekipman alan\u0131nda lider ve teknoloji sahibidir. Avrupa'n\u0131n end\u00fcstriyel teknolojik makineleri, bir\u00e7ok uluslararas\u0131 imalat end\u00fcstrisinde kar\u015f\u0131la\u015ft\u0131rmal\u0131 bir avantaj yaratt\u0131\u2026<br \/><br \/><br \/><a style=\"margin: 0px; padding: 0px; outline: 0px; font-family: 'Open Sans'; line-height: 1.5; color: #03a9f4; background-color: #f0f0f1;\" href=\"\/tr\/industrial-equipment\/\">Devam\u0131n\u0131 oku \"<\/a><\/p><\/div>\t\t\t\t\t\t\t\t<\/div>\n\t\t\t\t<\/div>\n\t\t\t\t\t<\/div>\n\t\t<\/div>\n\t\t\t\t<div class=\"elementor-column elementor-col-25 elementor-top-column elementor-element elementor-element-4b425b4\" data-id=\"4b425b4\" data-element_type=\"column\" data-e-type=\"column\">\n\t\t\t<div class=\"elementor-widget-wrap elementor-element-populated\">\n\t\t\t\t\t\t<div class=\"elementor-element elementor-element-0156a32 elementor-widget elementor-widget-text-editor\" data-id=\"0156a32\" data-element_type=\"widget\" data-e-type=\"widget\" data-widget_type=\"text-editor.default\">\n\t\t\t\t<div class=\"elementor-widget-container\">\n\t\t\t\t\t\t\t\t\t<div style=\"margin: 0px; padding: 0px; outline: 0px; flex-basis: var(--flex-basis); flex-grow: var(--flex-grow); flex-shrink: var(--flex-shrink); order: var(--order); align-self: var(--align-self); flex-direction: var(--flex-direction); flex-wrap: var(--flex-wrap); justify-content: var(--justify-content); align-items: var(--align-items); align-content: var(--align-content); gap: var(--gap); --swiper-theme-color: #000; --swiper-navigation-size: 44px; --swiper-pagination-bullet-size: 6px; --swiper-pagination-bullet-horizontal-gap: 6px; --widgets-spacing: 20px; width: 278.328px; color: #46707f; font-family: 'Open Sans';\" data-id=\"502507b\" data-element_type=\"widget\" data-widget_type=\"image.default\">\n<div style=\"margin: 0px; padding: 0px; outline: 0px; transition: background 0.3s,border 0.3s,border-radius 0.3s,box-shadow 0.3s,transform var(--e-transform-transition-duration,0.4s);\"><img decoding=\"async\" style=\"--smush-placeholder-width: 270px; --smush-placeholder-aspect-ratio: 270\/140;margin: 0px; padding: 0px; outline: 0px; width: 278.328px;\" data-src=\"https:\/\/pinati.com.tr\/wp-content\/uploads\/2023\/03\/Sec-Sub2.png\" alt=\"\" width=\"270\" height=\"140\" src=\"data:image\/svg+xml;base64,PHN2ZyB3aWR0aD0iMSIgaGVpZ2h0PSIxIiB4bWxucz0iaHR0cDovL3d3dy53My5vcmcvMjAwMC9zdmciPjwvc3ZnPg==\" class=\"lazyload\" \/><\/div>\n<\/div>\t\t\t\t\t\t\t\t<\/div>\n\t\t\t\t<\/div>\n\t\t\t\t<div class=\"elementor-element elementor-element-bd0e2fe elementor-widget elementor-widget-text-editor\" data-id=\"bd0e2fe\" data-element_type=\"widget\" data-e-type=\"widget\" data-widget_type=\"text-editor.default\">\n\t\t\t\t<div class=\"elementor-widget-container\">\n\t\t\t\t\t\t\t\t\t<div style=\"margin: 0px; padding: 20px 20px 10px; outline: 0px; width: 278.328px; transition: background 0.3s ease 0s, border 0.3s ease 0s, border-radius 0.3s ease 0s, box-shadow 0.3s ease 0s; --e-column-margin-right: 0px; --e-column-margin-left: 0px; background-color: #f0f0f1;\"><h4 style=\"font-weight: 500; font-size: 22px; color: #0088cc;\">\u00dcretim hammaddeleri<\/h4><p>Hammadde fiyatlar\u0131ndaki s\u00fcrekli dalgalanmalar, uzun teslim s\u00fcreleri ve bazen piyasada bulunmamalar\u0131 \u00fcreticileri her zaman tehdit etmektedir. Hammadde tedarik\u00e7ilerini tedarik ederek ve \u00e7e\u015fitlendirerek, minimum fiyat dalgalanmalar\u0131 ve daha h\u0131zl\u0131 teslimat ile hammadde tedarikinde g\u00f6receli istikrar sa\u011flamaya \u00e7al\u0131\u015f\u0131yoruz\u2026<br \/><br \/><br \/><a style=\"margin: 0px; padding: 0px; outline: 0px; font-family: 'Open Sans'; line-height: 1.5; color: #03a9f4; background-color: #f0f0f1;\" href=\"\/tr\/raw-materials\/\">Devam\u0131n\u0131 oku \"<\/a><\/p><\/div>\t\t\t\t\t\t\t\t<\/div>\n\t\t\t\t<\/div>\n\t\t\t\t\t<\/div>\n\t\t<\/div>\n\t\t\t\t<div class=\"elementor-column elementor-col-25 elementor-top-column elementor-element elementor-element-9d00844\" data-id=\"9d00844\" data-element_type=\"column\" data-e-type=\"column\">\n\t\t\t<div class=\"elementor-widget-wrap elementor-element-populated\">\n\t\t\t\t\t\t<div class=\"elementor-element elementor-element-30846c2 elementor-widget elementor-widget-text-editor\" data-id=\"30846c2\" data-element_type=\"widget\" data-e-type=\"widget\" data-widget_type=\"text-editor.default\">\n\t\t\t\t<div class=\"elementor-widget-container\">\n\t\t\t\t\t\t\t\t\t<div style=\"margin: 0px; padding: 0px; outline: 0px; flex-basis: var(--flex-basis); flex-grow: var(--flex-grow); flex-shrink: var(--flex-shrink); order: var(--order); align-self: var(--align-self); flex-direction: var(--flex-direction); flex-wrap: var(--flex-wrap); justify-content: var(--justify-content); align-items: var(--align-items); align-content: var(--align-content); gap: var(--gap); --swiper-theme-color: #000; --swiper-navigation-size: 44px; --swiper-pagination-bullet-size: 6px; --swiper-pagination-bullet-horizontal-gap: 6px; --widgets-spacing: 20px; width: 278.328px; color: #46707f; font-family: 'Open Sans';\" data-id=\"502507b\" data-element_type=\"widget\" data-widget_type=\"image.default\">\n<div style=\"margin: 0px; padding: 0px; outline: 0px; transition: background 0.3s,border 0.3s,border-radius 0.3s,box-shadow 0.3s,transform var(--e-transform-transition-duration,0.4s);\"><img decoding=\"async\" style=\"--smush-placeholder-width: 270px; --smush-placeholder-aspect-ratio: 270\/140;margin: 0px; padding: 0px; outline: 0px; width: 278.328px;\" data-src=\"https:\/\/pinati.com.tr\/wp-content\/uploads\/2023\/03\/Sec-Sub3.png\" alt=\"\" width=\"270\" height=\"140\" src=\"data:image\/svg+xml;base64,PHN2ZyB3aWR0aD0iMSIgaGVpZ2h0PSIxIiB4bWxucz0iaHR0cDovL3d3dy53My5vcmcvMjAwMC9zdmciPjwvc3ZnPg==\" class=\"lazyload\" \/><\/div>\n<\/div>\t\t\t\t\t\t\t\t<\/div>\n\t\t\t\t<\/div>\n\t\t\t\t<div class=\"elementor-element elementor-element-140cd97 elementor-widget elementor-widget-text-editor\" data-id=\"140cd97\" data-element_type=\"widget\" data-e-type=\"widget\" data-widget_type=\"text-editor.default\">\n\t\t\t\t<div class=\"elementor-widget-container\">\n\t\t\t\t\t\t\t\t\t<div style=\"margin: 0px; padding: 20px 20px 10px; outline: 0px; width: 278.328px; transition: background 0.3s ease 0s, border 0.3s ease 0s, border-radius 0.3s ease 0s, box-shadow 0.3s ease 0s; --e-column-margin-right: 0px; --e-column-margin-left: 0px; background-color: #f0f0f1;\">\n<h4><span style=\"font-size: 22px; font-weight: 500;\">Modern teknolojiler<\/span><\/h4>\n<div><\/div>\nModern teknolojiler h\u0131zla geni\u015fliyor ve insan ya\u015fam\u0131n\u0131n t\u00fcm y\u00f6nlerini etkiliyor.\n\nEn yeni teknoloji trendleri a\u015fa\u011f\u0131da listelenmi\u015ftir:\n<br>\n<ol>\n \t<li>\u0130\u015flem g\u00fcc\u00fc<\/li>\n \t<li>Daha Ak\u0131ll\u0131 Cihazlar<\/li>\n \t<li>Verile\u015ftirme<\/li>\n \t<li>Yapay Zeka ve Makine \u00d6\u011frenimi<\/li>\n \t<li>Geni\u015fletilmi\u015f Ger\u00e7eklik<\/li>\n \t<li>Dijital G\u00fcven\u2026<\/li>\n<\/ol>\n<br>\n<a style=\"margin: 0px; padding: 0px; outline: 0px; font-family: 'Open Sans'; line-height: 1.5; color: #03a9f4; background-color: #f0f0f1;\" href=\"\/tr\/modern-technologies\/\">Devam\u0131n\u0131 oku \"<\/a>\n\n<\/div>\n<br><br><br>\t\t\t\t\t\t\t\t<\/div>\n\t\t\t\t<\/div>\n\t\t\t\t\t<\/div>\n\t\t<\/div>\n\t\t\t\t\t<\/div>\n\t\t<\/section>\n\t\t\t\t<\/div>","protected":false},"excerpt":{"rendered":"<p>Sectors We cover a wide range of services in order to support our customers in different stages of their business. The three main areas of our activity are: Production machinery and industrial equipment Europe is the leader and owner of technology in the field of production machinery and industrial equipment all over the world. Europe&#8217;s industrial technological machinery has created a comparative advantage in many international manufacturing industries\u2026 Read More \u00bb Production raw materials Constant fluctuations in the price of raw materials, long delivery times, and sometimes their lack in the market, always threaten producers. By sourcing and diversifying the suppliers of raw materials, we are trying to ensure relative stability in the supply of raw materials with minimal price fluctuations and faster delivery\u2026 Read More \u00bb Modern technologies The Modern technologies are rapidly expanding and affecting all aspects of human life. Listed below are the top new technology trends: Computing Power Smarter Devices Datafication Artificial Intelligence and Machine Learning Extended Reality Digital Trust\u2026 Read More \u00bb<\/p>","protected":false},"author":1,"featured_media":0,"parent":0,"menu_order":0,"comment_status":"closed","ping_status":"closed","template":"elementor_header_footer","meta":{"_sitemap_exclude":false,"_sitemap_priority":"","_sitemap_frequency":"","footnotes":""},"class_list":["post-455","page","type-page","status-publish","hentry"],"_links":{"self":[{"href":"https:\/\/pinati.com.tr\/tr\/wp-json\/wp\/v2\/pages\/455","targetHints":{"allow":["GET"]}}],"collection":[{"href":"https:\/\/pinati.com.tr\/tr\/wp-json\/wp\/v2\/pages"}],"about":[{"href":"https:\/\/pinati.com.tr\/tr\/wp-json\/wp\/v2\/types\/page"}],"author":[{"embeddable":true,"href":"https:\/\/pinati.com.tr\/tr\/wp-json\/wp\/v2\/users\/1"}],"replies":[{"embeddable":true,"href":"https:\/\/pinati.com.tr\/tr\/wp-json\/wp\/v2\/comments?post=455"}],"version-history":[{"count":0,"href":"https:\/\/pinati.com.tr\/tr\/wp-json\/wp\/v2\/pages\/455\/revisions"}],"wp:attachment":[{"href":"https:\/\/pinati.com.tr\/tr\/wp-json\/wp\/v2\/media?parent=455"}],"curies":[{"name":"wp","href":"https:\/\/api.w.org\/{rel}","templated":true}]}}