{"id":227,"date":"2023-02-25T17:38:37","date_gmt":"2023-02-25T17:38:37","guid":{"rendered":"https:\/\/pinati.com.tr\/?page_id=227"},"modified":"2023-04-23T18:10:11","modified_gmt":"2023-04-23T15:10:11","slug":"home","status":"publish","type":"page","link":"https:\/\/pinati.com.tr\/tr\/","title":{"rendered":"ANASAYFA"},"content":{"rendered":"<div data-elementor-type=\"wp-page\" data-elementor-id=\"227\" class=\"elementor elementor-227\">\n\t\t\t\t\t\t<section class=\"elementor-section elementor-top-section elementor-element elementor-element-a64d1b3 elementor-section-height-full elementor-section-full_width elementor-section-height-default elementor-section-items-middle wpr-particle-no wpr-jarallax-no wpr-parallax-no wpr-sticky-section-no wpr-equal-height-no\" data-id=\"a64d1b3\" data-element_type=\"section\" data-e-type=\"section\" data-settings=\"{&quot;background_background&quot;:&quot;classic&quot;}\">\n\t\t\t\t\t\t<div class=\"elementor-container elementor-column-gap-default\">\n\t\t\t\t\t<div class=\"elementor-column elementor-col-100 elementor-top-column elementor-element elementor-element-60cebbc\" data-id=\"60cebbc\" data-element_type=\"column\" data-e-type=\"column\">\n\t\t\t<div class=\"elementor-widget-wrap elementor-element-populated\">\n\t\t\t\t\t\t<div class=\"elementor-element elementor-element-98eae81 elementor-widget elementor-widget-heading\" data-id=\"98eae81\" data-element_type=\"widget\" data-e-type=\"widget\" data-widget_type=\"heading.default\">\n\t\t\t\t<div class=\"elementor-widget-container\">\n\t\t\t\t\t<h1 class=\"elementor-heading-title elementor-size-default\">Pinati, your reliable partner for trading and investments<\/h1>\t\t\t\t<\/div>\n\t\t\t\t<\/div>\n\t\t\t\t\t<\/div>\n\t\t<\/div>\n\t\t\t\t\t<\/div>\n\t\t<\/section>\n\t\t\t\t<section class=\"elementor-section elementor-top-section elementor-element elementor-element-2f56cdf elementor-section-boxed elementor-section-height-default elementor-section-height-default wpr-particle-no wpr-jarallax-no wpr-parallax-no wpr-sticky-section-no wpr-equal-height-no\" data-id=\"2f56cdf\" data-element_type=\"section\" data-e-type=\"section\">\n\t\t\t\t\t\t<div class=\"elementor-container elementor-column-gap-default\">\n\t\t\t\t\t<div class=\"elementor-column elementor-col-100 elementor-top-column elementor-element elementor-element-09b02a8\" data-id=\"09b02a8\" data-element_type=\"column\" data-e-type=\"column\">\n\t\t\t<div class=\"elementor-widget-wrap elementor-element-populated\">\n\t\t\t\t\t\t<div class=\"elementor-element elementor-element-f295e07 elementor-widget elementor-widget-text-editor\" data-id=\"f295e07\" data-element_type=\"widget\" data-e-type=\"widget\" data-widget_type=\"text-editor.default\">\n\t\t\t\t<div class=\"elementor-widget-container\">\n\t\t\t\t\t\t\t\t\t<p>A bridge between business objectives and innovative technology<\/p>\t\t\t\t\t\t\t\t<\/div>\n\t\t\t\t<\/div>\n\t\t\t\t\t<\/div>\n\t\t<\/div>\n\t\t\t\t\t<\/div>\n\t\t<\/section>\n\t\t\t\t<section class=\"elementor-section elementor-top-section elementor-element elementor-element-9699caa elementor-section-boxed elementor-section-height-default elementor-section-height-default wpr-particle-no wpr-jarallax-no wpr-parallax-no wpr-sticky-section-no wpr-equal-height-no\" data-id=\"9699caa\" data-element_type=\"section\" data-e-type=\"section\">\n\t\t\t\t\t\t<div class=\"elementor-container elementor-column-gap-default\">\n\t\t\t\t\t<div class=\"elementor-column elementor-col-100 elementor-top-column elementor-element elementor-element-85946d3\" data-id=\"85946d3\" data-element_type=\"column\" data-e-type=\"column\">\n\t\t\t<div class=\"elementor-widget-wrap elementor-element-populated\">\n\t\t\t\t\t\t<div class=\"elementor-element elementor-element-b180af9 elementor-widget elementor-widget-text-editor\" data-id=\"b180af9\" data-element_type=\"widget\" data-e-type=\"widget\" data-widget_type=\"text-editor.default\">\n\t\t\t\t<div class=\"elementor-widget-container\">\n\t\t\t\t\t\t\t\t\tPinati has earned a reputation as the go-to partner for international investors, traders, and manufacturers in the realm of trade and investment. Our clients place their trust in us for our unwavering commitment to honesty and informed guidance on a wide array of business matters, from investment considerations to raw material sourcing, technology application, and scientific know-how. Our diverse range of services sets us apart, encompassing a comprehensive spectrum of offerings to support our clients at every stage of their business ventures across multiple major industry sectors. Leveraging our global network and local expertise, we deliver bespoke solutions that empower our clients to achieve their objectives. Whether it&#8217;s guiding startups or established companies, we offer tailored services that cater to their unique needs and help them realize their full potential. \t\t\t\t\t\t\t\t<\/div>\n\t\t\t\t<\/div>\n\t\t\t\t\t<\/div>\n\t\t<\/div>\n\t\t\t\t\t<\/div>\n\t\t<\/section>\n\t\t\t\t<section class=\"elementor-section elementor-top-section elementor-element elementor-element-9d72e61 elementor-section-boxed elementor-section-height-default elementor-section-height-default wpr-particle-no wpr-jarallax-no wpr-parallax-no wpr-sticky-section-no wpr-equal-height-no\" data-id=\"9d72e61\" data-element_type=\"section\" data-e-type=\"section\">\n\t\t\t\t\t\t<div class=\"elementor-container elementor-column-gap-default\">\n\t\t\t\t\t<div class=\"elementor-column elementor-col-25 elementor-top-column elementor-element elementor-element-bd19736\" data-id=\"bd19736\" data-element_type=\"column\" data-e-type=\"column\">\n\t\t\t<div class=\"elementor-widget-wrap elementor-element-populated\">\n\t\t\t\t\t\t<div class=\"elementor-element elementor-element-3d29e16 elementor-widget elementor-widget-text-editor\" data-id=\"3d29e16\" data-element_type=\"widget\" data-e-type=\"widget\" data-widget_type=\"text-editor.default\">\n\t\t\t\t<div class=\"elementor-widget-container\">\n\t\t\t\t\t\t\t\t\tM\u0130SYONUMUZ<\/h2>\t\t\t\t\t\t\t\t<\/div>\n\t\t\t\t<\/div>\n\t\t\t\t<div class=\"elementor-element elementor-element-9c34ff7 elementor-widget elementor-widget-text-editor\" data-id=\"9c34ff7\" data-element_type=\"widget\" data-e-type=\"widget\" data-widget_type=\"text-editor.default\">\n\t\t\t\t<div class=\"elementor-widget-container\">\n\t\t\t\t\t\t\t\t\t<p>At our core, we believe that our customers success is our success. That&#8217;s why we prioritize mutual interest in all stages of our work. We offer a comprehensive suite of services that are tailored to support our clients throughout their entire business journey. From inception to implementation, we cover a wide range of services designed to help our clients succeed at every step of the way. Our team of experts has extensive experience and knowledge across multiple industries, which enables us to provide customized solutions that meet the unique needs of each of our clients. We take pride in being a reliable partner for our clients, and we are committed to providing them with the support they need to achieve their goals. With our client-focused approach and broad range of services, we are confident in our ability to help businesses thrive in today&#8217;s competitive landscape. Let us be your trusted partner for success &#8230;<\/p>\t\t\t\t\t\t\t\t<\/div>\n\t\t\t\t<\/div>\n\t\t\t\t<div class=\"elementor-element elementor-element-f81c3db elementor-align-left elementor-mobile-align-left elementor-widget elementor-widget-button\" data-id=\"f81c3db\" data-element_type=\"widget\" data-e-type=\"widget\" data-widget_type=\"button.default\">\n\t\t\t\t<div class=\"elementor-widget-container\">\n\t\t\t\t\t\t\t\t\t<div class=\"elementor-button-wrapper\">\n\t\t\t\t\t<a class=\"elementor-button elementor-button-link elementor-size-sm\" href=\"https:\/\/pinati.com.tr\/tr\/whatwedo\/\">\n\t\t\t\t\t\t<span class=\"elementor-button-content-wrapper\">\n\t\t\t\t\t\t\t\t\t<span class=\"elementor-button-text\">Devam\u0131n\u0131 oku<\/span>\n\t\t\t\t\t<\/span>\n\t\t\t\t\t<\/a>\n\t\t\t\t<\/div>\n\t\t\t\t\t\t\t\t<\/div>\n\t\t\t\t<\/div>\n\t\t\t\t\t<\/div>\n\t\t<\/div>\n\t\t\t\t<div class=\"elementor-column elementor-col-25 elementor-top-column elementor-element elementor-element-58bd947\" data-id=\"58bd947\" data-element_type=\"column\" data-e-type=\"column\">\n\t\t\t<div class=\"elementor-widget-wrap elementor-element-populated\">\n\t\t\t\t\t\t<div class=\"elementor-element elementor-element-551fede elementor-widget elementor-widget-text-editor\" data-id=\"551fede\" data-element_type=\"widget\" data-e-type=\"widget\" data-widget_type=\"text-editor.default\">\n\t\t\t\t<div class=\"elementor-widget-container\">\n\t\t\t\t\t\t\t\t\t<div style=\"margin: 0px; padding: 0px; outline: 0px; flex-basis: var(--flex-basis); flex-grow: var(--flex-grow); flex-shrink: var(--flex-shrink); order: var(--order); align-self: var(--align-self); flex-direction: var(--flex-direction); flex-wrap: var(--flex-wrap); justify-content: var(--justify-content); align-items: var(--align-items); align-content: var(--align-content); gap: var(--gap); --swiper-theme-color: #000; --swiper-navigation-size: 44px; --swiper-pagination-bullet-size: 6px; --swiper-pagination-bullet-horizontal-gap: 6px; --widgets-spacing: 20px; width: 278.328px; color: #46707f; font-family: 'Open Sans';\" data-id=\"7226b38\" data-element_type=\"widget\" data-widget_type=\"image.default\">\n<div style=\"margin: 0px; padding: 0px; outline: 0px; transition: background 0.3s,border 0.3s,border-radius 0.3s,box-shadow 0.3s,transform var(--e-transform-transition-duration,0.4s);\"><img decoding=\"async\" style=\"--smush-placeholder-width: 270px; --smush-placeholder-aspect-ratio: 270\/140;margin: 0px; padding: 0px; outline: 0px; width: 278.328px;\" data-src=\"https:\/\/pinati.com.tr\/wp-content\/uploads\/2023\/03\/3.png\" alt=\"\" width=\"270\" height=\"140\" src=\"data:image\/svg+xml;base64,PHN2ZyB3aWR0aD0iMSIgaGVpZ2h0PSIxIiB4bWxucz0iaHR0cDovL3d3dy53My5vcmcvMjAwMC9zdmciPjwvc3ZnPg==\" class=\"lazyload\" \/><\/div>\n<\/div>\t\t\t\t\t\t\t\t<\/div>\n\t\t\t\t<\/div>\n\t\t\t\t<div class=\"elementor-element elementor-element-c263e79 elementor-widget elementor-widget-text-editor\" data-id=\"c263e79\" data-element_type=\"widget\" data-e-type=\"widget\" data-widget_type=\"text-editor.default\">\n\t\t\t\t<div class=\"elementor-widget-container\">\n\t\t\t\t\t\t\t\t\t<div style=\"margin: 0px; padding: 20px 20px 10px; outline: 0px; width: 278px; background-color: #f0f0f1;\"><h4 style=\"font-weight: 500; font-size: 22px; color: #0088cc;\">\u0130\u015f ba\u015far\u0131s\u0131n\u0131 sa\u011flamak i\u00e7in dan\u0131\u015fmanl\u0131k<\/h4><p>Our unique services support foreign companies looking to penetrate European markets and expand their businesses. We provide comprehensive market analysis, management consulting, and regulatory information coverage to facilitate their operations. Additionally, we offer industry-specific insights, business development strategies, and marketing consulting to further their growth and success.<\/p><p>\u00a0<\/p><p><a style=\"margin: 0px; padding: 0px; outline: 0px; font-family: 'Open Sans'; line-height: 1.5; color: #03a9f4; background-color: #f0f0f1;\" href=\"\/tr\/investment\/\">Devam\u0131n\u0131 oku \"<\/a><\/p><\/div>\t\t\t\t\t\t\t\t<\/div>\n\t\t\t\t<\/div>\n\t\t\t\t<div class=\"elementor-element elementor-element-3210eae elementor-widget elementor-widget-text-editor\" data-id=\"3210eae\" data-element_type=\"widget\" data-e-type=\"widget\" data-widget_type=\"text-editor.default\">\n\t\t\t\t<div class=\"elementor-widget-container\">\n\t\t\t\t\t\t\t\t\t<p>\u00a0<\/p><p>\u00a0<\/p><p>\u00a0<\/p><p>\u00a0<\/p>\t\t\t\t\t\t\t\t<\/div>\n\t\t\t\t<\/div>\n\t\t\t\t\t<\/div>\n\t\t<\/div>\n\t\t\t\t<div class=\"elementor-column elementor-col-25 elementor-top-column elementor-element elementor-element-0ce18f3\" data-id=\"0ce18f3\" data-element_type=\"column\" data-e-type=\"column\">\n\t\t\t<div class=\"elementor-widget-wrap elementor-element-populated\">\n\t\t\t\t\t\t<div class=\"elementor-element elementor-element-9a3dd2a elementor-widget elementor-widget-text-editor\" data-id=\"9a3dd2a\" data-element_type=\"widget\" data-e-type=\"widget\" data-widget_type=\"text-editor.default\">\n\t\t\t\t<div class=\"elementor-widget-container\">\n\t\t\t\t\t\t\t\t\t<div style=\"margin: 0px; padding: 0px; outline: 0px; flex-basis: var(--flex-basis); flex-grow: var(--flex-grow); flex-shrink: var(--flex-shrink); order: var(--order); align-self: var(--align-self); flex-direction: var(--flex-direction); flex-wrap: var(--flex-wrap); justify-content: var(--justify-content); align-items: var(--align-items); align-content: var(--align-content); gap: var(--gap); --swiper-theme-color: #000; --swiper-navigation-size: 44px; --swiper-pagination-bullet-size: 6px; --swiper-pagination-bullet-horizontal-gap: 6px; --widgets-spacing: 20px; width: 278.328px; color: #46707f; font-family: 'Open Sans';\" data-id=\"502507b\" data-element_type=\"widget\" data-widget_type=\"image.default\">\n<div style=\"margin: 0px; padding: 0px; outline: 0px; transition: background 0.3s,border 0.3s,border-radius 0.3s,box-shadow 0.3s,transform var(--e-transform-transition-duration,0.4s);\"><img decoding=\"async\" style=\"--smush-placeholder-width: 270px; --smush-placeholder-aspect-ratio: 270\/140;margin: 0px; padding: 0px; outline: 0px; width: 278.328px;\" data-src=\"https:\/\/pinati.com.tr\/wp-content\/uploads\/2023\/03\/2.png\" alt=\"\" width=\"270\" height=\"140\" src=\"data:image\/svg+xml;base64,PHN2ZyB3aWR0aD0iMSIgaGVpZ2h0PSIxIiB4bWxucz0iaHR0cDovL3d3dy53My5vcmcvMjAwMC9zdmciPjwvc3ZnPg==\" class=\"lazyload\" \/><\/div>\n<\/div>\t\t\t\t\t\t\t\t<\/div>\n\t\t\t\t<\/div>\n\t\t\t\t<div class=\"elementor-element elementor-element-c86ecab elementor-widget elementor-widget-text-editor\" data-id=\"c86ecab\" data-element_type=\"widget\" data-e-type=\"widget\" data-widget_type=\"text-editor.default\">\n\t\t\t\t<div class=\"elementor-widget-container\">\n\t\t\t\t\t\t\t\t\t<div style=\"margin: 0px; padding: 20px 20px 10px; outline: 0px; width: 278.328px; transition: background 0.3s ease 0s, border 0.3s ease 0s, border-radius 0.3s ease 0s, box-shadow 0.3s ease 0s; --e-column-margin-right: 0px; --e-column-margin-left: 0px; background-color: #f0f0f1;\"><h4 style=\"font-weight: 500; font-size: 22px; color: #0088cc;\">D\u0131\u015f ticareti desteklemek ve kolayla\u015ft\u0131rmak<\/h4><p>Pinati offers end-to-end product supply services, from sourcing raw materials at competitive prices to overseeing logistics and ensuring quality monitoring, loading, and shipping from the country of origin to the port of destination. Our comprehensive value-added solutions provide our clients with peace of mind, knowing that all aspects of their product supply needs are taken care of.<\/p><p>\u00a0<\/p><p><a style=\"margin: 0px; padding: 0px; outline: 0px; font-family: 'Open Sans'; line-height: 1.5; color: #03a9f4; background-color: #f0f0f1;\" href=\"\/tr\/procurement\/\">Devam\u0131n\u0131 oku \"<\/a><\/p><\/div>\t\t\t\t\t\t\t\t<\/div>\n\t\t\t\t<\/div>\n\t\t\t\t\t<\/div>\n\t\t<\/div>\n\t\t\t\t<div class=\"elementor-column elementor-col-25 elementor-top-column elementor-element elementor-element-1941aa9\" data-id=\"1941aa9\" data-element_type=\"column\" data-e-type=\"column\">\n\t\t\t<div class=\"elementor-widget-wrap elementor-element-populated\">\n\t\t\t\t\t\t<div class=\"elementor-element elementor-element-8e9cd4b elementor-widget elementor-widget-text-editor\" data-id=\"8e9cd4b\" data-element_type=\"widget\" data-e-type=\"widget\" data-widget_type=\"text-editor.default\">\n\t\t\t\t<div class=\"elementor-widget-container\">\n\t\t\t\t\t\t\t\t\t<div style=\"margin: 0px; padding: 0px; outline: 0px; flex-basis: var(--flex-basis); flex-grow: var(--flex-grow); flex-shrink: var(--flex-shrink); order: var(--order); align-self: var(--align-self); flex-direction: var(--flex-direction); flex-wrap: var(--flex-wrap); justify-content: var(--justify-content); align-items: var(--align-items); align-content: var(--align-content); gap: var(--gap); --swiper-theme-color: #000; --swiper-navigation-size: 44px; --swiper-pagination-bullet-size: 6px; --swiper-pagination-bullet-horizontal-gap: 6px; --widgets-spacing: 20px; width: 278.328px; color: #46707f; font-family: 'Open Sans';\" data-id=\"502507b\" data-element_type=\"widget\" data-widget_type=\"image.default\">\n<div style=\"margin: 0px; padding: 0px; outline: 0px; transition: background 0.3s,border 0.3s,border-radius 0.3s,box-shadow 0.3s,transform var(--e-transform-transition-duration,0.4s);\"><img decoding=\"async\" style=\"--smush-placeholder-width: 270px; --smush-placeholder-aspect-ratio: 270\/140;margin: 0px; padding: 0px; outline: 0px; width: 278.328px;\" data-src=\"https:\/\/pinati.com.tr\/wp-content\/uploads\/2023\/03\/4.png\" alt=\"\" width=\"270\" height=\"140\" src=\"data:image\/svg+xml;base64,PHN2ZyB3aWR0aD0iMSIgaGVpZ2h0PSIxIiB4bWxucz0iaHR0cDovL3d3dy53My5vcmcvMjAwMC9zdmciPjwvc3ZnPg==\" class=\"lazyload\" \/><\/div>\n<\/div>\t\t\t\t\t\t\t\t<\/div>\n\t\t\t\t<\/div>\n\t\t\t\t<div class=\"elementor-element elementor-element-6fda51f elementor-widget elementor-widget-text-editor\" data-id=\"6fda51f\" data-element_type=\"widget\" data-e-type=\"widget\" data-widget_type=\"text-editor.default\">\n\t\t\t\t<div class=\"elementor-widget-container\">\n\t\t\t\t\t\t\t\t\t<div style=\"margin: 0px; padding: 20px 20px 10px; outline: 0px; width: 278.328px; transition: background 0.3s ease 0s, border 0.3s ease 0s, border-radius 0.3s ease 0s, box-shadow 0.3s ease 0s; --e-column-margin-right: 0px; --e-column-margin-left: 0px; background-color: #f0f0f1;\"><h4 style=\"font-weight: 500; font-size: 22px; color: #0088cc;\">Ticaret ve sat\u0131n alma finansman\u0131<\/h4><p>We provide comprehensive support for trade and purchase finance needs. In addition to leveraging our innovative structuring capabilities and international network, we offer a full range of trade finance solutions to finance our clients purchases. Our goal is to accompany our clients through every step of the process, ensuring they have access to the resources they need to succeed.<\/p><p>\u00a0<\/p><p><a style=\"margin: 0px; padding: 0px; outline: 0px; font-family: 'Open Sans'; line-height: 1.5; color: #03a9f4; background-color: #f0f0f1;\" href=\"\/tr\/finance\/\">Devam\u0131n\u0131 oku \"<\/a><\/p><\/div>\t\t\t\t\t\t\t\t<\/div>\n\t\t\t\t<\/div>\n\t\t\t\t\t<\/div>\n\t\t<\/div>\n\t\t\t\t\t<\/div>\n\t\t<\/section>\n\t\t\t\t<\/div>","protected":false},"excerpt":{"rendered":"<p>Pinati, your reliable partner for trading and investments A bridge between business objectives and innovative technology Pinati has earned a reputation as the go-to partner for international investors, traders, and manufacturers in the realm of trade and investment. Our clients place their trust in us for our unwavering commitment to honesty and informed guidance on a wide array of business matters, from investment considerations to raw material sourcing, technology application, and scientific know-how. Our diverse range of services sets us apart, encompassing a comprehensive spectrum of offerings to support our clients at every stage of their business ventures across multiple major industry sectors. Leveraging our global network and local expertise, we deliver bespoke solutions that empower our clients to achieve their objectives. Whether it&#8217;s guiding startups or established companies, we offer tailored services that cater to their unique needs and help them realize their full potential. What We Do At our core, we believe that our customers success is our success. That&#8217;s why we prioritize mutual interest in all stages of our work. We offer a comprehensive suite of services that are tailored to support our clients throughout their entire business journey. From inception to implementation, we cover a wide range of services designed to help our clients succeed at every step of the way. Our team of experts has extensive experience and knowledge across multiple industries, which enables us to provide customized solutions that meet the unique needs of each of our clients. We take pride in being a reliable partner for our clients, and we are committed to providing them with the support they need to achieve their goals. With our client-focused approach and broad range of services, we are confident in our ability to help businesses thrive in today&#8217;s competitive landscape. Let us be your trusted partner for success &#8230; Read More Consulting to ensure business success Our unique services support foreign companies looking to penetrate European markets and expand their businesses. We provide comprehensive market analysis, management consulting, and regulatory information coverage to facilitate their operations. Additionally, we offer industry-specific insights, business development strategies, and marketing consulting to further their growth and success. \u00a0 Read More \u00bb \u00a0 \u00a0 \u00a0 \u00a0 Supporting and facilitating foreign trade Pinati offers end-to-end product supply services, from sourcing raw materials at competitive prices to overseeing logistics and ensuring quality monitoring, loading, and shipping from the country of origin to the port of destination. Our comprehensive value-added solutions provide our clients with peace of mind, knowing that all aspects of their product supply needs are taken care of. \u00a0 Read More \u00bb Trade and purchase finance We provide comprehensive support for trade and purchase finance needs. In addition to leveraging our innovative structuring capabilities and international network, we offer a full range of trade finance solutions to finance our clients purchases. Our goal is to accompany our clients through every step of the process, ensuring they have access to the resources they need to succeed. \u00a0 Read More \u00bb<\/p>","protected":false},"author":1,"featured_media":342,"parent":0,"menu_order":0,"comment_status":"closed","ping_status":"closed","template":"elementor_header_footer","meta":{"_sitemap_exclude":false,"_sitemap_priority":"","_sitemap_frequency":"","footnotes":""},"class_list":["post-227","page","type-page","status-publish","has-post-thumbnail","hentry"],"_links":{"self":[{"href":"https:\/\/pinati.com.tr\/tr\/wp-json\/wp\/v2\/pages\/227","targetHints":{"allow":["GET"]}}],"collection":[{"href":"https:\/\/pinati.com.tr\/tr\/wp-json\/wp\/v2\/pages"}],"about":[{"href":"https:\/\/pinati.com.tr\/tr\/wp-json\/wp\/v2\/types\/page"}],"author":[{"embeddable":true,"href":"https:\/\/pinati.com.tr\/tr\/wp-json\/wp\/v2\/users\/1"}],"replies":[{"embeddable":true,"href":"https:\/\/pinati.com.tr\/tr\/wp-json\/wp\/v2\/comments?post=227"}],"version-history":[{"count":0,"href":"https:\/\/pinati.com.tr\/tr\/wp-json\/wp\/v2\/pages\/227\/revisions"}],"wp:featuredmedia":[{"embeddable":true,"href":"https:\/\/pinati.com.tr\/tr\/wp-json\/wp\/v2\/media\/342"}],"wp:attachment":[{"href":"https:\/\/pinati.com.tr\/tr\/wp-json\/wp\/v2\/media?parent=227"}],"curies":[{"name":"wp","href":"https:\/\/api.w.org\/{rel}","templated":true}]}}