{"id":1883,"date":"2023-03-16T15:57:56","date_gmt":"2023-03-16T12:57:56","guid":{"rendered":"https:\/\/pinati.com.tr\/?page_id=1883"},"modified":"2023-04-23T18:24:14","modified_gmt":"2023-04-23T15:24:14","slug":"home-cloned-227","status":"publish","type":"page","link":"https:\/\/pinati.com.tr\/tr\/home-cloned-227\/","title":{"rendered":"HOME &#8211; [Cloned #227]"},"content":{"rendered":"<div data-elementor-type=\"wp-page\" data-elementor-id=\"1883\" class=\"elementor elementor-1883\">\n\t\t\t\t\t\t<section class=\"elementor-section elementor-top-section elementor-element elementor-element-a64d1b3 elementor-section-height-full elementor-section-boxed elementor-section-height-default elementor-section-items-middle wpr-particle-no wpr-jarallax-no wpr-parallax-no wpr-sticky-section-no wpr-equal-height-no\" data-id=\"a64d1b3\" data-element_type=\"section\" data-e-type=\"section\" data-settings=\"{&quot;background_background&quot;:&quot;classic&quot;}\">\n\t\t\t\t\t\t<div class=\"elementor-container elementor-column-gap-default\">\n\t\t\t\t\t<div class=\"elementor-column elementor-col-100 elementor-top-column elementor-element elementor-element-60cebbc\" data-id=\"60cebbc\" data-element_type=\"column\" data-e-type=\"column\">\n\t\t\t<div class=\"elementor-widget-wrap elementor-element-populated\">\n\t\t\t\t\t\t<div class=\"elementor-element elementor-element-98eae81 elementor-widget elementor-widget-heading\" data-id=\"98eae81\" data-element_type=\"widget\" data-e-type=\"widget\" data-widget_type=\"heading.default\">\n\t\t\t\t<div class=\"elementor-widget-container\">\n\t\t\t\t\t<h1 class=\"elementor-heading-title elementor-size-default\">Pinati, ticaret ve yat\u0131r\u0131mda g\u00fcvenilir orta\u011f\u0131n\u0131z<\/h1>\t\t\t\t<\/div>\n\t\t\t\t<\/div>\n\t\t\t\t\t<\/div>\n\t\t<\/div>\n\t\t\t\t\t<\/div>\n\t\t<\/section>\n\t\t\t\t<section class=\"elementor-section elementor-top-section elementor-element elementor-element-9699caa elementor-section-boxed elementor-section-height-default elementor-section-height-default wpr-particle-no wpr-jarallax-no wpr-parallax-no wpr-sticky-section-no wpr-equal-height-no\" data-id=\"9699caa\" data-element_type=\"section\" data-e-type=\"section\">\n\t\t\t\t\t\t<div class=\"elementor-container elementor-column-gap-default\">\n\t\t\t\t\t<div class=\"elementor-column elementor-col-100 elementor-top-column elementor-element elementor-element-85946d3\" data-id=\"85946d3\" data-element_type=\"column\" data-e-type=\"column\">\n\t\t\t<div class=\"elementor-widget-wrap elementor-element-populated\">\n\t\t\t\t\t\t<div class=\"elementor-element elementor-element-b180af9 elementor-widget elementor-widget-text-editor\" data-id=\"b180af9\" data-element_type=\"widget\" data-e-type=\"widget\" data-widget_type=\"text-editor.default\">\n\t\t\t\t<div class=\"elementor-widget-container\">\n\t\t\t\t\t\t\t\t\t<b><span style=\"font-size: 25.5pt; line-height: 107%; font-family: 'Open Sans',sans-serif; mso-fareast-font-family: 'Times New Roman'; color: #0088cc;\">\u0130\u015f tutkular\u0131 ve teknoloji aras\u0131nda bir k\u00f6pr\u00fc<\/span><\/b>\n<br><br>\nPinati has been the trusted partner of choice in international trade and investment for investors, traders and manufacturers. Our clients rely on our honest and informed advice on a wide range of business matters, including investment considerations, production, raw material sourcing, technology application and scientific Know-How.\nThe variety of our services is the most prominent thing that makes us different. We cover a wide range of services that support our clients at various stages of their business across several major industry sectors. Using our global reach and local expertise, we provide tailored solutions that help us and our clients succeed.\nWhile supporting our customers in various stages of their business in several major sectors of the industry, we cover a wide range of services.\nBenefiting from our global reach and local expertise and experience, we offer our clients tailored solutions to succeed in their goals.<span style=\"color: #333333; font-family: Arial, sans-serif; font-size: 1rem; letter-spacing: -0.1px;\">\u00a0<\/span>\t\t\t\t\t\t\t\t<\/div>\n\t\t\t\t<\/div>\n\t\t\t\t\t<\/div>\n\t\t<\/div>\n\t\t\t\t\t<\/div>\n\t\t<\/section>\n\t\t\t\t<section class=\"elementor-section elementor-top-section elementor-element elementor-element-9d72e61 elementor-section-boxed elementor-section-height-default elementor-section-height-default wpr-particle-no wpr-jarallax-no wpr-parallax-no wpr-sticky-section-no wpr-equal-height-no\" data-id=\"9d72e61\" data-element_type=\"section\" data-e-type=\"section\">\n\t\t\t\t\t\t<div class=\"elementor-container elementor-column-gap-default\">\n\t\t\t\t\t<div class=\"elementor-column elementor-col-25 elementor-top-column elementor-element elementor-element-bd19736\" data-id=\"bd19736\" data-element_type=\"column\" data-e-type=\"column\">\n\t\t\t<div class=\"elementor-widget-wrap elementor-element-populated\">\n\t\t\t\t\t\t<div class=\"elementor-element elementor-element-9c34ff7 elementor-widget elementor-widget-text-editor\" data-id=\"9c34ff7\" data-element_type=\"widget\" data-e-type=\"widget\" data-widget_type=\"text-editor.default\">\n\t\t\t\t<div class=\"elementor-widget-container\">\n\t\t\t\t\t\t\t\t\t<div style=\"margin: 0px; padding: 20px 10px 10px; outline: 0px; transition: background 0.3s ease 0s, border 0.3s ease 0s, border-radius 0.3s ease 0s, box-shadow 0.3s ease 0s; --e-column-margin-right: 0px; --e-column-margin-left: 0px; background-color: #ffffff;\">\n<h2 style=\"font-weight: 600; font-size: 34px; color: #0088cc;\">M\u0130SYONUMUZ<\/h2>\nBa\u015far\u0131m\u0131z\u0131n en b\u00fcy\u00fck s\u0131rr\u0131, m\u00fc\u015fterilerimizin \u00e7\u0131karlar\u0131n\u0131 kendi \u00e7\u0131karlar\u0131m\u0131z gibi g\u00f6rmemizdir. Kar\u015f\u0131l\u0131kl\u0131 \u00e7\u0131kar kural\u0131, i\u015fin t\u00fcm a\u015famalar\u0131nda rehberimizdir. M\u00fc\u015fterilerimizi desteklemek amac\u0131yla, t\u00fcm a\u015famalarda onlara ba\u015far\u0131yla e\u015flik edebilmek i\u00e7in geni\u015f bir hizmet yelpazesini, i\u015flerinin her a\u015famas\u0131nda m\u00fc\u015fterilerimizi destekleyen geni\u015f bir hizmet yelpazesini kaps\u0131yoruz\u2026\n\n<\/div>\t\t\t\t\t\t\t\t<\/div>\n\t\t\t\t<\/div>\n\t\t\t\t<div class=\"elementor-element elementor-element-f81c3db elementor-align-left elementor-widget elementor-widget-button\" data-id=\"f81c3db\" data-element_type=\"widget\" data-e-type=\"widget\" data-widget_type=\"button.default\">\n\t\t\t\t<div class=\"elementor-widget-container\">\n\t\t\t\t\t\t\t\t\t<div class=\"elementor-button-wrapper\">\n\t\t\t\t\t<a class=\"elementor-button elementor-button-link elementor-size-sm\" href=\"https:\/\/pinati.com.tr\/tr\/whatwedo\/\">\n\t\t\t\t\t\t<span class=\"elementor-button-content-wrapper\">\n\t\t\t\t\t\t\t\t\t<span class=\"elementor-button-text\">Devam\u0131n\u0131 oku<\/span>\n\t\t\t\t\t<\/span>\n\t\t\t\t\t<\/a>\n\t\t\t\t<\/div>\n\t\t\t\t\t\t\t\t<\/div>\n\t\t\t\t<\/div>\n\t\t\t\t\t<\/div>\n\t\t<\/div>\n\t\t\t\t<div class=\"elementor-column elementor-col-25 elementor-top-column elementor-element elementor-element-58bd947\" data-id=\"58bd947\" data-element_type=\"column\" data-e-type=\"column\">\n\t\t\t<div class=\"elementor-widget-wrap elementor-element-populated\">\n\t\t\t\t\t\t<div class=\"elementor-element elementor-element-551fede elementor-widget elementor-widget-text-editor\" data-id=\"551fede\" data-element_type=\"widget\" data-e-type=\"widget\" data-widget_type=\"text-editor.default\">\n\t\t\t\t<div class=\"elementor-widget-container\">\n\t\t\t\t\t\t\t\t\t<div style=\"margin: 0px; padding: 0px; outline: 0px; flex-basis: var(--flex-basis); flex-grow: var(--flex-grow); flex-shrink: var(--flex-shrink); order: var(--order); align-self: var(--align-self); flex-direction: var(--flex-direction); flex-wrap: var(--flex-wrap); justify-content: var(--justify-content); align-items: var(--align-items); align-content: var(--align-content); gap: var(--gap); --swiper-theme-color: #000; --swiper-navigation-size: 44px; --swiper-pagination-bullet-size: 6px; --swiper-pagination-bullet-horizontal-gap: 6px; --widgets-spacing: 20px; width: 278.328px; color: #46707f; font-family: 'Open Sans';\" data-id=\"7226b38\" data-element_type=\"widget\" data-widget_type=\"image.default\">\n<div style=\"margin: 0px; padding: 0px; outline: 0px; transition: background 0.3s,border 0.3s,border-radius 0.3s,box-shadow 0.3s,transform var(--e-transform-transition-duration,0.4s);\"><img decoding=\"async\" style=\"--smush-placeholder-width: 270px; --smush-placeholder-aspect-ratio: 270\/140;margin: 0px; padding: 0px; outline: 0px; width: 278.328px;\" data-src=\"https:\/\/pinati.com.tr\/wp-content\/uploads\/2023\/03\/3.png\" alt=\"\" width=\"270\" height=\"140\" src=\"data:image\/svg+xml;base64,PHN2ZyB3aWR0aD0iMSIgaGVpZ2h0PSIxIiB4bWxucz0iaHR0cDovL3d3dy53My5vcmcvMjAwMC9zdmciPjwvc3ZnPg==\" class=\"lazyload\" \/><\/div>\n<\/div>\t\t\t\t\t\t\t\t<\/div>\n\t\t\t\t<\/div>\n\t\t\t\t<div class=\"elementor-element elementor-element-c263e79 elementor-widget elementor-widget-text-editor\" data-id=\"c263e79\" data-element_type=\"widget\" data-e-type=\"widget\" data-widget_type=\"text-editor.default\">\n\t\t\t\t<div class=\"elementor-widget-container\">\n\t\t\t\t\t\t\t\t\t<div style=\"margin: 0px; padding: 20px 20px 10px; outline: 0px; width: 278px; background-color: #f0f0f1;\">\n<h4 style=\"font-weight: 500; font-size: 22px; color: #0088cc;\">\u0130\u015f ba\u015far\u0131s\u0131n\u0131 sa\u011flamak i\u00e7in dan\u0131\u015fmanl\u0131k<\/h4>\nYabanc\u0131 \u015firketlerin Avrupa pazarlar\u0131na girmelerini ve derinlemesine pazar analizi de dahil olmak \u00fczere benzersiz hizmetler sunarak i\u015flerini b\u00fcy\u00fctmelerini destekliyoruz ve y\u00f6netim dan\u0131\u015fmanl\u0131\u011f\u0131, ithalat ve ihracat d\u00fczenleme bilgileri kapsam\u0131, end\u00fcstri ili\u015fkileri ve i\u015f geli\u015ftirme ve pazarlama dan\u0131\u015fmanl\u0131\u011f\u0131 yoluyla i\u015flerini kolayla\u015ft\u0131r\u0131yoruz.\u2026\n<br>\n<br>\n<a style=\"margin: 0px; padding: 0px; outline: 0px; font-family: 'Open Sans'; line-height: 1.5; color: #03a9f4; background-color: #f0f0f1;\" href=\"\/tr\/investment\/\">Devam\u0131n\u0131 oku \"<\/a>\n\n<\/div>\n<br><br>\t\t\t\t\t\t\t\t<\/div>\n\t\t\t\t<\/div>\n\t\t\t\t\t<\/div>\n\t\t<\/div>\n\t\t\t\t<div class=\"elementor-column elementor-col-25 elementor-top-column elementor-element elementor-element-0ce18f3\" data-id=\"0ce18f3\" data-element_type=\"column\" data-e-type=\"column\">\n\t\t\t<div class=\"elementor-widget-wrap elementor-element-populated\">\n\t\t\t\t\t\t<div class=\"elementor-element elementor-element-9a3dd2a elementor-widget elementor-widget-text-editor\" data-id=\"9a3dd2a\" data-element_type=\"widget\" data-e-type=\"widget\" data-widget_type=\"text-editor.default\">\n\t\t\t\t<div class=\"elementor-widget-container\">\n\t\t\t\t\t\t\t\t\t<div style=\"margin: 0px; padding: 0px; outline: 0px; flex-basis: var(--flex-basis); flex-grow: var(--flex-grow); flex-shrink: var(--flex-shrink); order: var(--order); align-self: var(--align-self); flex-direction: var(--flex-direction); flex-wrap: var(--flex-wrap); justify-content: var(--justify-content); align-items: var(--align-items); align-content: var(--align-content); gap: var(--gap); --swiper-theme-color: #000; --swiper-navigation-size: 44px; --swiper-pagination-bullet-size: 6px; --swiper-pagination-bullet-horizontal-gap: 6px; --widgets-spacing: 20px; width: 278.328px; color: #46707f; font-family: 'Open Sans';\" data-id=\"502507b\" data-element_type=\"widget\" data-widget_type=\"image.default\">\n<div style=\"margin: 0px; padding: 0px; outline: 0px; transition: background 0.3s,border 0.3s,border-radius 0.3s,box-shadow 0.3s,transform var(--e-transform-transition-duration,0.4s);\"><img decoding=\"async\" style=\"--smush-placeholder-width: 270px; --smush-placeholder-aspect-ratio: 270\/140;margin: 0px; padding: 0px; outline: 0px; width: 278.328px;\" data-src=\"https:\/\/pinati.com.tr\/wp-content\/uploads\/2023\/03\/2.png\" alt=\"\" width=\"270\" height=\"140\" src=\"data:image\/svg+xml;base64,PHN2ZyB3aWR0aD0iMSIgaGVpZ2h0PSIxIiB4bWxucz0iaHR0cDovL3d3dy53My5vcmcvMjAwMC9zdmciPjwvc3ZnPg==\" class=\"lazyload\" \/><\/div>\n<\/div>\t\t\t\t\t\t\t\t<\/div>\n\t\t\t\t<\/div>\n\t\t\t\t<div class=\"elementor-element elementor-element-c86ecab elementor-widget elementor-widget-text-editor\" data-id=\"c86ecab\" data-element_type=\"widget\" data-e-type=\"widget\" data-widget_type=\"text-editor.default\">\n\t\t\t\t<div class=\"elementor-widget-container\">\n\t\t\t\t\t\t\t\t\t<div style=\"margin: 0px; padding: 20px 20px 10px; outline: 0px; width: 278.328px; transition: background 0.3s ease 0s, border 0.3s ease 0s, border-radius 0.3s ease 0s, box-shadow 0.3s ease 0s; --e-column-margin-right: 0px; --e-column-margin-left: 0px; background-color: #f0f0f1;\">\n<h4 style=\"font-weight: 500; font-size: 22px; color: #0088cc;\">D\u0131\u015f ticareti desteklemek ve kolayla\u015ft\u0131rmak<\/h4>\nPinati, gerekli \u00fcr\u00fcnlerin men\u015fe \u00fclkeden var\u0131\u015f liman\u0131na kadar tedarik edilmesi konusunda eksiksiz hizmetler sunmaktad\u0131r. Hammaddeleri rekabet\u00e7i fiyatlarla tedarik etmekten lojisti\u011fi kolayla\u015ft\u0131rmaya ve kalite izleme, y\u00fckleme ve nakliye i\u00e7in gerekli t\u00fcm \u015feyleri yapmaya kadar kapsaml\u0131 katma de\u011ferli \u00e7\u00f6z\u00fcmlere g\u00fcveniyoruz.\n<br>\n<br>\n<a style=\"margin: 0px; padding: 0px; outline: 0px; font-family: 'Open Sans'; line-height: 1.5; color: #03a9f4; background-color: #f0f0f1;\" href=\"\/tr\/procurement\/\">Devam\u0131n\u0131 oku \"<\/a>\n\n<\/div>\n<br><br>\t\t\t\t\t\t\t\t<\/div>\n\t\t\t\t<\/div>\n\t\t\t\t\t<\/div>\n\t\t<\/div>\n\t\t\t\t<div class=\"elementor-column elementor-col-25 elementor-top-column elementor-element elementor-element-1941aa9\" data-id=\"1941aa9\" data-element_type=\"column\" data-e-type=\"column\">\n\t\t\t<div class=\"elementor-widget-wrap elementor-element-populated\">\n\t\t\t\t\t\t<div class=\"elementor-element elementor-element-8e9cd4b elementor-widget elementor-widget-text-editor\" data-id=\"8e9cd4b\" data-element_type=\"widget\" data-e-type=\"widget\" data-widget_type=\"text-editor.default\">\n\t\t\t\t<div class=\"elementor-widget-container\">\n\t\t\t\t\t\t\t\t\t<div style=\"margin: 0px; padding: 0px; outline: 0px; flex-basis: var(--flex-basis); flex-grow: var(--flex-grow); flex-shrink: var(--flex-shrink); order: var(--order); align-self: var(--align-self); flex-direction: var(--flex-direction); flex-wrap: var(--flex-wrap); justify-content: var(--justify-content); align-items: var(--align-items); align-content: var(--align-content); gap: var(--gap); --swiper-theme-color: #000; --swiper-navigation-size: 44px; --swiper-pagination-bullet-size: 6px; --swiper-pagination-bullet-horizontal-gap: 6px; --widgets-spacing: 20px; width: 278.328px; color: #46707f; font-family: 'Open Sans';\" data-id=\"502507b\" data-element_type=\"widget\" data-widget_type=\"image.default\">\n<div style=\"margin: 0px; padding: 0px; outline: 0px; transition: background 0.3s,border 0.3s,border-radius 0.3s,box-shadow 0.3s,transform var(--e-transform-transition-duration,0.4s);\"><img decoding=\"async\" style=\"--smush-placeholder-width: 270px; --smush-placeholder-aspect-ratio: 270\/140;margin: 0px; padding: 0px; outline: 0px; width: 278.328px;\" data-src=\"https:\/\/pinati.com.tr\/wp-content\/uploads\/2023\/03\/4.png\" alt=\"\" width=\"270\" height=\"140\" src=\"data:image\/svg+xml;base64,PHN2ZyB3aWR0aD0iMSIgaGVpZ2h0PSIxIiB4bWxucz0iaHR0cDovL3d3dy53My5vcmcvMjAwMC9zdmciPjwvc3ZnPg==\" class=\"lazyload\" \/><\/div>\n<\/div>\t\t\t\t\t\t\t\t<\/div>\n\t\t\t\t<\/div>\n\t\t\t\t<div class=\"elementor-element elementor-element-6fda51f elementor-widget elementor-widget-text-editor\" data-id=\"6fda51f\" data-element_type=\"widget\" data-e-type=\"widget\" data-widget_type=\"text-editor.default\">\n\t\t\t\t<div class=\"elementor-widget-container\">\n\t\t\t\t\t\t\t\t\t<div style=\"margin: 0px; padding: 20px 20px 10px; outline: 0px; width: 278.328px; transition: background 0.3s ease 0s, border 0.3s ease 0s, border-radius 0.3s ease 0s, box-shadow 0.3s ease 0s; --e-column-margin-right: 0px; --e-column-margin-left: 0px; background-color: #f0f0f1;\">\n<h4 style=\"font-weight: 500; font-size: 22px; color: #0088cc;\">Ticaret ve sat\u0131n alma finansman\u0131<\/h4>\nM\u00fc\u015fterilerimize yaln\u0131zca yenilik\u00e7i yap\u0131land\u0131rma yeteneklerimizi ve uluslararas\u0131 a\u011f\u0131m\u0131z\u0131 kullanarak de\u011fil, ayn\u0131 zamanda sat\u0131n almalar\u0131n\u0131 finanse etmek i\u00e7in eksiksiz bir ticaret finansman\u0131 \u00e7\u00f6z\u00fcmleri yelpazesi sunarak da e\u015flik ediyoruz\u2026\n<br><br><a style=\"margin: 0px; padding: 0px; outline: 0px; font-family: 'Open Sans'; line-height: 1.5; color: #03a9f4; background-color: #f0f0f1;\" href=\"\/tr\/finance\/\">Devam\u0131n\u0131 oku \"<\/a>\n<\/div>\n<br><br><br><br><br><br>\t\t\t\t\t\t\t\t<\/div>\n\t\t\t\t<\/div>\n\t\t\t\t\t<\/div>\n\t\t<\/div>\n\t\t\t\t\t<\/div>\n\t\t<\/section>\n\t\t\t\t<\/div>","protected":false},"excerpt":{"rendered":"<p>Pinati, your reliable partner in trade and investment A bridge between business ambitions and technology Pinati has been the trusted partner of choice in international trade and investment for investors, traders and manufacturers. Our clients rely on our honest and informed advice on a wide range of business matters, including investment considerations, production, raw material sourcing, technology application and scientific Know-How. The variety of our services is the most prominent thing that makes us different. We cover a wide range of services that support our clients at various stages of their business across several major industry sectors. Using our global reach and local expertise, we provide tailored solutions that help us and our clients succeed. While supporting our customers in various stages of their business in several major sectors of the industry, we cover a wide range of services. Benefiting from our global reach and local expertise and experience, we offer our clients tailored solutions to succeed in their goals.\u00a0 What We Do The biggest secret of our success is that we consider our customer&#8217;s interests as our own interests. The rule of mutual interest is our guide in all stages of work. With the aim of supporting our customers, we cover a wide range of services so that we can accompany them successfully through all stages, cover a wide spectrum of services supporting our clients in all stages of their business&#8230; Read More Consulting to ensure business success We support foreign companies in entering European markets and grow their business by providing unique services including in-depth market analysis, and we facilitate their business through management consulting, import and export regulatory information coverage, industry affairs, and business development and marketing consulting.\u2026 Read More \u00bb Supporting and facilitating foreign trade Pinati provides complete services of supplying the required products from the country of origin to the port of destination. We rely on comprehensive value-added solutions, from sourcing raw materials at competitive prices to facilitating logistics and doing all the necessary things for quality monitoring and loading and shipping.\u2026 Read More \u00bb Trade and purchase finance We accompany our clients not only by leveraging our innovative structuring capabilities and international network, but also by offering a full range of trade finance solutions to finance their purchases&#8230; Read More \u00bb<\/p>","protected":false},"author":1,"featured_media":342,"parent":0,"menu_order":0,"comment_status":"closed","ping_status":"closed","template":"elementor_header_footer","meta":{"_sitemap_exclude":false,"_sitemap_priority":"","_sitemap_frequency":"","footnotes":""},"class_list":["post-1883","page","type-page","status-publish","has-post-thumbnail","hentry"],"_links":{"self":[{"href":"https:\/\/pinati.com.tr\/tr\/wp-json\/wp\/v2\/pages\/1883","targetHints":{"allow":["GET"]}}],"collection":[{"href":"https:\/\/pinati.com.tr\/tr\/wp-json\/wp\/v2\/pages"}],"about":[{"href":"https:\/\/pinati.com.tr\/tr\/wp-json\/wp\/v2\/types\/page"}],"author":[{"embeddable":true,"href":"https:\/\/pinati.com.tr\/tr\/wp-json\/wp\/v2\/users\/1"}],"replies":[{"embeddable":true,"href":"https:\/\/pinati.com.tr\/tr\/wp-json\/wp\/v2\/comments?post=1883"}],"version-history":[{"count":0,"href":"https:\/\/pinati.com.tr\/tr\/wp-json\/wp\/v2\/pages\/1883\/revisions"}],"wp:featuredmedia":[{"embeddable":true,"href":"https:\/\/pinati.com.tr\/tr\/wp-json\/wp\/v2\/media\/342"}],"wp:attachment":[{"href":"https:\/\/pinati.com.tr\/tr\/wp-json\/wp\/v2\/media?parent=1883"}],"curies":[{"name":"wp","href":"https:\/\/api.w.org\/{rel}","templated":true}]}}