{"id":1254,"date":"2023-03-06T12:30:53","date_gmt":"2023-03-06T12:30:53","guid":{"rendered":"https:\/\/pinati.com.tr\/?page_id=1254"},"modified":"2023-04-23T18:50:06","modified_gmt":"2023-04-23T15:50:06","slug":"investment","status":"publish","type":"page","link":"https:\/\/pinati.com.tr\/tr\/investment\/","title":{"rendered":"investment"},"content":{"rendered":"<div data-elementor-type=\"wp-page\" data-elementor-id=\"1254\" class=\"elementor elementor-1254\">\n\t\t\t\t\t\t<section class=\"elementor-section elementor-top-section elementor-element elementor-element-bff5206 elementor-section-full_width elementor-section-height-min-height elementor-section-stretched elementor-section-height-default elementor-section-items-middle wpr-particle-no wpr-jarallax-no wpr-parallax-no wpr-sticky-section-no wpr-equal-height-no\" data-id=\"bff5206\" data-element_type=\"section\" data-e-type=\"section\" data-settings=\"{&quot;stretch_section&quot;:&quot;section-stretched&quot;,&quot;background_background&quot;:&quot;classic&quot;}\">\n\t\t\t\t\t\t<div class=\"elementor-container elementor-column-gap-default\">\n\t\t\t\t\t<div class=\"elementor-column elementor-col-100 elementor-top-column elementor-element elementor-element-e2a580f\" data-id=\"e2a580f\" data-element_type=\"column\" data-e-type=\"column\">\n\t\t\t<div class=\"elementor-widget-wrap\">\n\t\t\t\t\t\t\t<\/div>\n\t\t<\/div>\n\t\t\t\t\t<\/div>\n\t\t<\/section>\n\t\t\t\t<section class=\"elementor-section elementor-top-section elementor-element elementor-element-69875ff elementor-section-boxed elementor-section-height-default elementor-section-height-default wpr-particle-no wpr-jarallax-no wpr-parallax-no wpr-sticky-section-no wpr-equal-height-no\" data-id=\"69875ff\" data-element_type=\"section\" data-e-type=\"section\">\n\t\t\t\t\t\t<div class=\"elementor-container elementor-column-gap-default\">\n\t\t\t\t\t<div class=\"elementor-column elementor-col-50 elementor-top-column elementor-element elementor-element-9c56610\" data-id=\"9c56610\" data-element_type=\"column\" data-e-type=\"column\">\n\t\t\t<div class=\"elementor-widget-wrap elementor-element-populated\">\n\t\t\t\t\t\t<div class=\"elementor-element elementor-element-d2fb72b elementor-widget elementor-widget-text-editor\" data-id=\"d2fb72b\" data-element_type=\"widget\" data-e-type=\"widget\" data-widget_type=\"text-editor.default\">\n\t\t\t\t<div class=\"elementor-widget-container\">\n\t\t\t\t\t\t\t\t\t<br>Faaliyetler\t\t\t\t\t\t\t\t<\/div>\n\t\t\t\t<\/div>\n\t\t\t\t<div class=\"elementor-element elementor-element-8233a0e elementor-widget elementor-widget-text-editor\" data-id=\"8233a0e\" data-element_type=\"widget\" data-e-type=\"widget\" data-widget_type=\"text-editor.default\">\n\t\t\t\t<div class=\"elementor-widget-container\">\n\t\t\t\t\t\t\t\t\t<div class=\"elementor-element elementor-element-40797d7 elementor-widget elementor-widget-heading\" style=\"margin-top: 0px; margin-right: 0px; margin-left: 0px; padding: 0px; outline: 0px; flex-basis: var(--flex-basis); flex-grow: var(--flex-grow); flex-shrink: var(--flex-shrink); order: var(--order); align-self: var(--align-self); flex-direction: var(--flex-direction); flex-wrap: var(--flex-wrap); justify-content: var(--justify-content); align-items: var(--align-items); align-content: var(--align-content); gap: var(--gap); --swiper-theme-color: #000; --swiper-navigation-size: 44px; --swiper-pagination-bullet-size: 6px; --swiper-pagination-bullet-horizontal-gap: 6px; --widgets-spacing: 20px; width: 228px; color: #46707f; font-family: 'Open Sans';\" data-id=\"40797d7\" data-element_type=\"widget\" data-widget_type=\"heading.default\"><div class=\"elementor-widget-container\" style=\"margin: 0px; padding: 0px; outline: 0px; transition: background 0.3s,border 0.3s,border-radius 0.3s,box-shadow 0.3s,transform var(--e-transform-transition-duration,0.4s);\"><span style=\"color: #333333; font-family: var( --e-global-typography-text-font-family ), Sans-serif;\">Yat\u0131r\u0131m ve \u0130\u015f Geli\u015ftirme<\/span><\/div><\/div><div class=\"elementor-element elementor-element-b6ed936 elementor-widget elementor-widget-text-editor\" style=\"margin-top: 0px; margin-right: 0px; margin-left: 0px; padding: 0px; outline: 0px; flex-basis: var(--flex-basis); flex-grow: var(--flex-grow); flex-shrink: var(--flex-shrink); order: var(--order); align-self: var(--align-self); flex-direction: var(--flex-direction); flex-wrap: var(--flex-wrap); justify-content: var(--justify-content); align-items: var(--align-items); align-content: var(--align-content); gap: var(--gap); --swiper-theme-color: #000; --swiper-navigation-size: 44px; --swiper-pagination-bullet-size: 6px; --swiper-pagination-bullet-horizontal-gap: 6px; --widgets-spacing: 20px; color: #333333; font-family: var( --e-global-typography-text-font-family ), Sans-serif; font-weight: 400; width: 228px;\" data-id=\"b6ed936\" data-element_type=\"widget\" data-widget_type=\"text-editor.default\"><div class=\"elementor-widget-container\" style=\"margin: 0px; padding: 0px; outline: 0px; transition: background 0.3s,border 0.3s,border-radius 0.3s,box-shadow 0.3s,transform var(--e-transform-transition-duration,0.4s);\"><p style=\"margin-right: 0px; margin-bottom: 16px; margin-left: 0px; padding: 0px; outline: 0px; font-family: 'Open Sans'; line-height: 1.6; color: #46707f;\"><a style=\"margin: 0px; padding: 0px; outline: 0px; text-decoration-line: underline; font-size: 1em; line-height: 1.5; color: #03a9f4;\" href=\"\/tr\/procurement\/\">D\u0131\u015f Ticaret ve Sat\u0131nalma<\/a><\/p><\/div><\/div><div class=\"elementor-element elementor-element-32ae240 elementor-widget elementor-widget-text-editor\" style=\"margin: 0px; padding: 0px; outline: 0px; flex-basis: var(--flex-basis); flex-grow: var(--flex-grow); flex-shrink: var(--flex-shrink); order: var(--order); align-self: var(--align-self); flex-direction: var(--flex-direction); flex-wrap: var(--flex-wrap); justify-content: var(--justify-content); align-items: var(--align-items); align-content: var(--align-content); gap: var(--gap); --swiper-theme-color: #000; --swiper-navigation-size: 44px; --swiper-pagination-bullet-size: 6px; --swiper-pagination-bullet-horizontal-gap: 6px; --widgets-spacing: 20px; color: #333333; font-family: var( --e-global-typography-text-font-family ), Sans-serif; font-weight: 400; width: 228px;\" data-id=\"32ae240\" data-element_type=\"widget\" data-widget_type=\"text-editor.default\"><div class=\"elementor-widget-container\" style=\"margin: 0px; padding: 0px; outline: 0px; transition: background 0.3s,border 0.3s,border-radius 0.3s,box-shadow 0.3s,transform var(--e-transform-transition-duration,0.4s);\"><a style=\"margin: 0px; padding: 0px; outline: 0px; font-family: 'Open Sans'; text-decoration-line: underline; font-size: 1em; line-height: 1.5; color: #03a9f4;\" href=\"\/tr\/finance\/\">Ticaret Finans\u0131<\/a><\/div><\/div>\t\t\t\t\t\t\t\t<\/div>\n\t\t\t\t<\/div>\n\t\t\t\t\t<\/div>\n\t\t<\/div>\n\t\t\t\t<div class=\"elementor-column elementor-col-50 elementor-top-column elementor-element elementor-element-eed4b6a\" data-id=\"eed4b6a\" data-element_type=\"column\" data-e-type=\"column\">\n\t\t\t<div class=\"elementor-widget-wrap elementor-element-populated\">\n\t\t\t\t\t\t<div class=\"elementor-element elementor-element-c8329ec elementor-widget elementor-widget-text-editor\" data-id=\"c8329ec\" data-element_type=\"widget\" data-e-type=\"widget\" data-widget_type=\"text-editor.default\">\n\t\t\t\t<div class=\"elementor-widget-container\">\n\t\t\t\t\t\t\t\t\t<br>\n\u0130\u015f ba\u015far\u0131s\u0131n\u0131 sa\u011flamak i\u00e7in dan\u0131\u015fmanl\u0131k\t\t\t\t\t\t\t\t<\/div>\n\t\t\t\t<\/div>\n\t\t\t\t<div class=\"elementor-element elementor-element-25099d0 elementor-widget elementor-widget-text-editor\" data-id=\"25099d0\" data-element_type=\"widget\" data-e-type=\"widget\" data-widget_type=\"text-editor.default\">\n\t\t\t\t<div class=\"elementor-widget-container\">\n\t\t\t\t\t\t\t\t\tConsulting for Ensuring Business Success: At our company, we understand the importance of meeting our clients&#8217; needs and goals. That&#8217;s why we prioritize your wishes and objectives above everything else. Our team will continuously monitor your project to ensure that it progresses exactly as you desire.\nWe believe in building long-term relationships with our clients, and we strive for continuity and sustainability in all of our business relationships. Our aim is to provide services that will be valuable to you for many years to come.\nWe specialize in supporting foreign companies as they enter the European markets and grow their businesses. Our unique services include in-depth market analysis, management consulting, import and export regulatory information coverage, industry affairs, and business development and marketing consulting. With our expert guidance, you can succeed in the European market and take your business to new heights.\t\t\t\t\t\t\t\t<\/div>\n\t\t\t\t<\/div>\n\t\t\t\t<div class=\"elementor-element elementor-element-b116cc3 elementor-widget elementor-widget-text-editor\" data-id=\"b116cc3\" data-element_type=\"widget\" data-e-type=\"widget\" data-widget_type=\"text-editor.default\">\n\t\t\t\t<div class=\"elementor-widget-container\">\n\t\t\t\t\t\t\t\t\t<p>Uluslararas\u0131 i\u015f f\u0131rsatlar\u0131n\u0131 bulmak ve sunmak<\/p>\t\t\t\t\t\t\t\t<\/div>\n\t\t\t\t<\/div>\n\t\t\t\t<div class=\"elementor-element elementor-element-3e832b4 elementor-widget elementor-widget-text-editor\" data-id=\"3e832b4\" data-element_type=\"widget\" data-e-type=\"widget\" data-widget_type=\"text-editor.default\">\n\t\t\t\t<div class=\"elementor-widget-container\">\n\t\t\t\t\t\t\t\t\t<p>At Pinati, we are committed to helping our clients identify and capitalize on valuable international business opportunities. We offer a comprehensive range of consulting services that are tailored to meet the specific needs of each client. Our services cover every aspect of the business process, from initial research to the development of customized business plans.<br \/>Our goal is to facilitate low-risk, minimal-cost entry into the target market for our clients. We provide accurate and verified evaluation criteria for them to choose from, so they can make informed decisions about their investments. With our extensive knowledge and experience, we are able to help clients navigate the complexities of international business and identify opportunities that would be difficult to find on their own.<br \/>Our team of experts works closely with clients to understand their goals and objectives, and we are committed to delivering results that exceed their expectations. We believe in building long-term relationships with our clients, and we are dedicated to providing the highest level of service and support. Contact us today to learn how we can help you find and capitalize on valuable international business opportunities.<\/p><p style=\"margin-right: 0px; margin-bottom: 16px; margin-left: 0px; padding: 0px; outline: 0px; font-family: 'Open Sans'; line-height: 1.6; color: #46707f;\">\u00bb Daha fazlas\u0131n\u0131 okuyun\u00a0<a style=\"margin: 0px; padding: 0px; outline: 0px; font-size: 1em; line-height: 1.5; color: #03a9f4;\" href=\"\/tr\/sectors\/\">Faaliyet alanlar\u0131m\u0131z hakk\u0131nda<\/a><\/p>\t\t\t\t\t\t\t\t<\/div>\n\t\t\t\t<\/div>\n\t\t\t\t\t<\/div>\n\t\t<\/div>\n\t\t\t\t\t<\/div>\n\t\t<\/section>\n\t\t\t\t<\/div>","protected":false},"excerpt":{"rendered":"<p>ActivitiesInvestment and Business Development Foreign Trade and Procurement Trade Finance Consulting to ensure business successConsulting for Ensuring Business Success: At our company, we understand the importance of meeting our clients&#8217; needs and goals. That&#8217;s why we prioritize your wishes and objectives above everything else. Our team will continuously monitor your project to ensure that it progresses exactly as you desire. We believe in building long-term relationships with our clients, and we strive for continuity and sustainability in all of our business relationships. Our aim is to provide services that will be valuable to you for many years to come. We specialize in supporting foreign companies as they enter the European markets and grow their businesses. Our unique services include in-depth market analysis, management consulting, import and export regulatory information coverage, industry affairs, and business development and marketing consulting. With our expert guidance, you can succeed in the European market and take your business to new heights. Finding and presenting international business opportunities At Pinati, we are committed to helping our clients identify and capitalize on valuable international business opportunities. We offer a comprehensive range of consulting services that are tailored to meet the specific needs of each client. Our services cover every aspect of the business process, from initial research to the development of customized business plans.Our goal is to facilitate low-risk, minimal-cost entry into the target market for our clients. We provide accurate and verified evaluation criteria for them to choose from, so they can make informed decisions about their investments. With our extensive knowledge and experience, we are able to help clients navigate the complexities of international business and identify opportunities that would be difficult to find on their own.Our team of experts works closely with clients to understand their goals and objectives, and we are committed to delivering results that exceed their expectations. We believe in building long-term relationships with our clients, and we are dedicated to providing the highest level of service and support. Contact us today to learn how we can help you find and capitalize on valuable international business opportunities. \u00bb Read more about our\u00a0fields of activity<\/p>","protected":false},"author":1,"featured_media":0,"parent":0,"menu_order":0,"comment_status":"closed","ping_status":"closed","template":"","meta":{"_sitemap_exclude":false,"_sitemap_priority":"","_sitemap_frequency":"","footnotes":""},"class_list":["post-1254","page","type-page","status-publish","hentry"],"_links":{"self":[{"href":"https:\/\/pinati.com.tr\/tr\/wp-json\/wp\/v2\/pages\/1254","targetHints":{"allow":["GET"]}}],"collection":[{"href":"https:\/\/pinati.com.tr\/tr\/wp-json\/wp\/v2\/pages"}],"about":[{"href":"https:\/\/pinati.com.tr\/tr\/wp-json\/wp\/v2\/types\/page"}],"author":[{"embeddable":true,"href":"https:\/\/pinati.com.tr\/tr\/wp-json\/wp\/v2\/users\/1"}],"replies":[{"embeddable":true,"href":"https:\/\/pinati.com.tr\/tr\/wp-json\/wp\/v2\/comments?post=1254"}],"version-history":[{"count":0,"href":"https:\/\/pinati.com.tr\/tr\/wp-json\/wp\/v2\/pages\/1254\/revisions"}],"wp:attachment":[{"href":"https:\/\/pinati.com.tr\/tr\/wp-json\/wp\/v2\/media?parent=1254"}],"curies":[{"name":"wp","href":"https:\/\/api.w.org\/{rel}","templated":true}]}}