{"id":1146,"date":"2023-03-05T13:59:53","date_gmt":"2023-03-05T13:59:53","guid":{"rendered":"https:\/\/pinati.com.tr\/?page_id=1146"},"modified":"2023-04-23T13:25:40","modified_gmt":"2023-04-23T10:25:40","slug":"industrial-equipment","status":"publish","type":"page","link":"https:\/\/pinati.com.tr\/tr\/industrial-equipment\/","title":{"rendered":"industrial-equipment"},"content":{"rendered":"<div data-elementor-type=\"wp-page\" data-elementor-id=\"1146\" class=\"elementor elementor-1146\">\n\t\t\t\t\t\t<section class=\"elementor-section elementor-top-section elementor-element elementor-element-1c6abb5 elementor-section-full_width elementor-section-height-min-height elementor-section-stretched elementor-section-height-default elementor-section-items-middle wpr-particle-no wpr-jarallax-no wpr-parallax-no wpr-sticky-section-no wpr-equal-height-no\" data-id=\"1c6abb5\" data-element_type=\"section\" data-e-type=\"section\" data-settings=\"{&quot;stretch_section&quot;:&quot;section-stretched&quot;,&quot;background_background&quot;:&quot;classic&quot;}\">\n\t\t\t\t\t\t<div class=\"elementor-container elementor-column-gap-default\">\n\t\t\t\t\t<div class=\"elementor-column elementor-col-100 elementor-top-column elementor-element elementor-element-26a00b9\" data-id=\"26a00b9\" data-element_type=\"column\" data-e-type=\"column\">\n\t\t\t<div class=\"elementor-widget-wrap\">\n\t\t\t\t\t\t\t<\/div>\n\t\t<\/div>\n\t\t\t\t\t<\/div>\n\t\t<\/section>\n\t\t\t\t<section class=\"elementor-section elementor-top-section elementor-element elementor-element-3ffc9b1 elementor-section-boxed elementor-section-height-default elementor-section-height-default wpr-particle-no wpr-jarallax-no wpr-parallax-no wpr-sticky-section-no wpr-equal-height-no\" data-id=\"3ffc9b1\" data-element_type=\"section\" data-e-type=\"section\">\n\t\t\t\t\t\t<div class=\"elementor-container elementor-column-gap-default\">\n\t\t\t\t\t<div class=\"elementor-column elementor-col-50 elementor-top-column elementor-element elementor-element-a54779e\" data-id=\"a54779e\" data-element_type=\"column\" data-e-type=\"column\">\n\t\t\t<div class=\"elementor-widget-wrap elementor-element-populated\">\n\t\t\t\t\t\t<div class=\"elementor-element elementor-element-7071571 elementor-widget elementor-widget-text-editor\" data-id=\"7071571\" data-element_type=\"widget\" data-e-type=\"widget\" data-widget_type=\"text-editor.default\">\n\t\t\t\t<div class=\"elementor-widget-container\">\n\t\t\t\t\t\t\t\t\t<h2 style=\"font-weight: 600; font-size: 34px; color: #0088cc;\">Sekt\u00f6rler<\/h2><p style=\";color: #282828; letter-spacing: :0.1px;\">\u00dcretim makineleri ve end\u00fcstriyel ekipman<\/p><div style=\"margin: 0px; padding: 0px; outline: 0px; transition: background 0.3s,border 0.3s,border-radius 0.3s,box-shadow 0.3s,transform var(--e-transform-transition-duration,0.4s);\"><a style=\"font-size: 1em; background-color: #ffffff; margin: 0px; padding: 0px; outline: 0px; font-family: 'Open Sans'; text-decoration-line: underline; line-height: 1.5; color: #03a9f4;\" href=\"\/tr\/raw materials\/\">\u00dcretim hammaddeleri<\/a><\/div><p>\u00a0<\/p><div style=\"margin: 0px; padding: 0px; outline: 0px; transition: background 0.3s,border 0.3s,border-radius 0.3s,box-shadow 0.3s,transform var(--e-transform-transition-duration,0.4s);\"><a style=\"font-size: 1em; background-color: #ffffff; margin: 0px; padding: 0px; outline: 0px; font-family: 'Open Sans'; text-decoration-line: underline; line-height: 1.5; color: #03a9f4;\" href=\"\/tr\/Industrial-Equipment\/\">End\u00fcstriyel Makine ve Ekipmanlar<\/a><\/div>\t\t\t\t\t\t\t\t<\/div>\n\t\t\t\t<\/div>\n\t\t\t\t\t<\/div>\n\t\t<\/div>\n\t\t\t\t<div class=\"elementor-column elementor-col-50 elementor-top-column elementor-element elementor-element-e6bebca\" data-id=\"e6bebca\" data-element_type=\"column\" data-e-type=\"column\">\n\t\t\t<div class=\"elementor-widget-wrap elementor-element-populated\">\n\t\t\t\t\t\t<div class=\"elementor-element elementor-element-85e264f elementor-widget elementor-widget-text-editor\" data-id=\"85e264f\" data-element_type=\"widget\" data-e-type=\"widget\" data-widget_type=\"text-editor.default\">\n\t\t\t\t<div class=\"elementor-widget-container\">\n\t\t\t\t\t\t\t\t\t<h4 style=\"text-align: center;\">\u00dcretim makineleri ve end\u00fcstriyel ekipman<\/h4><p style=\";color: #282828;\">Production Machinery and Industrial Equipment: Europe is a global leader in the production machinery and industrial equipment industry, owning the latest technology and providing a competitive edge to manufacturing industries worldwide. The superior quality and advanced features of Europe&#8217;s industrial technological machinery have positioned it as a dominant force in the international market.<\/p><p>\u00a0<\/p><h4 style=\"text-align: center;\">Industry and Trade Integration<\/h4><p style=\";color: #282828;\">Pinati takes advantage of its unique position, both geographically and economically, in the European market to establish long-term partnerships with manufacturers and suppliers in various sectors. Our focus is on facilitating the purchase of new and used industrial machinery and equipment for our customers. We provide financial advice, find reliable partners, coordinate logistics, and offer technical support to ensure smooth transactions.<br \/>Our expertise in the field of industry and trade integration includes new energy production equipment and power plants, alloy and steel production equipment, petrochemical and refinery equipment, as well as road construction, mining, and construction machinery. We are committed to providing high-quality services and ensuring customer satisfaction throughout the process.<\/p><p>\u00a0<\/p><h4 style=\"text-align: center;\">Ticaret finansman\u0131 \u00e7\u00f6z\u00fcmleri<\/h4><p style=\";color: #282828;\">Trade finance solutions: At Pinati, we understand that financing is a critical factor for businesses to succeed in today&#8217;s global marketplace. That&#8217;s why we offer a range of trade finance solutions to help our clients finance their purchases and achieve their business goals. Our team of experts uses innovative structuring capabilities and an extensive international network to create custom financing plans that meet the unique needs of each client.<br \/>Our goal is to become your preferred business partner and work together to achieve an optimal financing structure that ensures the objectives of all parties are met. With our trade finance solutions, you can benefit from improved cash flow and liquidity, facilitate payments with minimal risk, and access flexible short to medium term financing options. Whether you&#8217;re a small or large business, we are committed to supporting your success through our comprehensive trade finance solutions.<\/p><p>\u00a0<\/p><div style=\"margin-top: 0px; margin-right: 0px; margin-left: 0px; padding: 0px; outline: 0px; flex-basis: var(--flex-basis); flex-grow: var(--flex-grow); flex-shrink: var(--flex-shrink); order: var(--order); align-self: var(--align-self); flex-direction: var(--flex-direction); flex-wrap: var(--flex-wrap); justify-content: var(--justify-content); align-items: var(--align-items); align-content: var(--align-content); gap: var(--gap); --swiper-theme-color: #000; --swiper-navigation-size: 44px; --swiper-pagination-bullet-size: 6px; --swiper-pagination-bullet-horizontal-gap: 6px; --widgets-spacing: 20px; width: 892px;\" data-id=\"a2129be\" data-element_type=\"widget\" data-widget_type=\"text-editor.default\"><div style=\"color: #333333; font-family: var( --e-global-typography-text-font-family ), Sans-serif; margin: 0px; padding: 0px; outline: 0px; transition: background 0.3s,border 0.3s,border-radius 0.3s,box-shadow 0.3s,transform var(--e-transform-transition-duration,0.4s);\"><div style=\"margin-top: 0px; margin-right: 0px; margin-left: 0px; padding: 0px; outline: 0px; flex-basis: var(--flex-basis); flex-grow: var(--flex-grow); flex-shrink: var(--flex-shrink); order: var(--order); align-self: var(--align-self); flex-direction: var(--flex-direction); flex-wrap: var(--flex-wrap); justify-content: var(--justify-content); align-items: var(--align-items); align-content: var(--align-content); gap: var(--gap); --swiper-theme-color: #000; --swiper-navigation-size: 44px; --swiper-pagination-bullet-size: 6px; --swiper-pagination-bullet-horizontal-gap: 6px; --widgets-spacing: 20px; font-family: 'Open Sans', sans-serif; width: 892px;\" data-id=\"b6b2938\" data-element_type=\"widget\" data-widget_type=\"text-editor.default\"><div style=\"margin: 0px; padding: 0px; outline: 0px; transition: background 0.3s,border 0.3s,border-radius 0.3s,box-shadow 0.3s,transform var(--e-transform-transition-duration,0.4s);\"><div style=\"margin: 0px; padding: 0px; outline: 0px; transition: background 0.3s,border 0.3s,border-radius 0.3s,box-shadow 0.3s,transform var(--e-transform-transition-duration,0.4s);\"><span style=\"font-weight: var( --e-global-typography-text-font-weight ); font-size: 1rem;\">\u00bb Daha fazlas\u0131n\u0131 okuyun <\/span><a style=\"font-weight: var( --e-global-typography-text-font-weight ); background-color: #ffffff; font-size: 1rem; margin: 0px; padding: 0px; outline: 0px; font-family: 'Open Sans'; line-height: 1.5; color: #03a9f4;\" href=\"\/tr\/investment\/\">yat\u0131r\u0131m f\u0131rsatlar\u0131<\/a><\/div><div style=\"margin: 0px; padding: 0px; outline: 0px; transition: background 0.3s,border 0.3s,border-radius 0.3s,box-shadow 0.3s,transform var(--e-transform-transition-duration,0.4s);\">\u00a0<\/div><div style=\"margin: 0px; padding: 0px; outline: 0px; transition: background 0.3s,border 0.3s,border-radius 0.3s,box-shadow 0.3s,transform var(--e-transform-transition-duration,0.4s);\">\u00a0<\/div><\/div><\/div><\/div><\/div><div style=\"margin: 0px; padding: 0px; outline: 0px; flex-basis: var(--flex-basis); flex-grow: var(--flex-grow); flex-shrink: var(--flex-shrink); order: var(--order); align-self: var(--align-self); flex-direction: var(--flex-direction); flex-wrap: var(--flex-wrap); justify-content: var(--justify-content); align-items: var(--align-items); align-content: var(--align-content); gap: var(--gap); --swiper-theme-color: #000; --swiper-navigation-size: 44px; --swiper-pagination-bullet-size: 6px; --swiper-pagination-bullet-horizontal-gap: 6px; --widgets-spacing: 20px; color: #333333; font-family: 'Open Sans', sans-serif; width: 892px;\" data-id=\"b6b2938\" data-element_type=\"widget\" data-widget_type=\"text-editor.default\"><div style=\"margin: 0px; padding: 0px; outline: 0px; transition: background 0.3s,border 0.3s,border-radius 0.3s,box-shadow 0.3s,transform var(--e-transform-transition-duration,0.4s);\"><p style=\"margin-right: 0px; margin-bottom: 16px; margin-left: 0px; padding: 0px; outline: 0px; font-family: 'Open Sans'; line-height: 1.6; color: #46707f;\">\u00a0<\/p><\/div><\/div>\t\t\t\t\t\t\t\t<\/div>\n\t\t\t\t<\/div>\n\t\t\t\t\t<\/div>\n\t\t<\/div>\n\t\t\t\t\t<\/div>\n\t\t<\/section>\n\t\t\t\t<\/div>","protected":false},"excerpt":{"rendered":"<p>Sectors Production machinery and industrial equipment Production raw materials \u00a0 Industrial Machinery and Equipment Production machinery and industrial equipment Production Machinery and Industrial Equipment: Europe is a global leader in the production machinery and industrial equipment industry, owning the latest technology and providing a competitive edge to manufacturing industries worldwide. The superior quality and advanced features of Europe&#8217;s industrial technological machinery have positioned it as a dominant force in the international market. \u00a0 Industry and Trade Integration Pinati takes advantage of its unique position, both geographically and economically, in the European market to establish long-term partnerships with manufacturers and suppliers in various sectors. Our focus is on facilitating the purchase of new and used industrial machinery and equipment for our customers. We provide financial advice, find reliable partners, coordinate logistics, and offer technical support to ensure smooth transactions.Our expertise in the field of industry and trade integration includes new energy production equipment and power plants, alloy and steel production equipment, petrochemical and refinery equipment, as well as road construction, mining, and construction machinery. We are committed to providing high-quality services and ensuring customer satisfaction throughout the process. \u00a0 Trade finance solutions Trade finance solutions: At Pinati, we understand that financing is a critical factor for businesses to succeed in today&#8217;s global marketplace. That&#8217;s why we offer a range of trade finance solutions to help our clients finance their purchases and achieve their business goals. Our team of experts uses innovative structuring capabilities and an extensive international network to create custom financing plans that meet the unique needs of each client.Our goal is to become your preferred business partner and work together to achieve an optimal financing structure that ensures the objectives of all parties are met. With our trade finance solutions, you can benefit from improved cash flow and liquidity, facilitate payments with minimal risk, and access flexible short to medium term financing options. Whether you&#8217;re a small or large business, we are committed to supporting your success through our comprehensive trade finance solutions. \u00a0 \u00bb Read more about our investments opportunities\u00a0\u00a0 \u00a0<\/p>","protected":false},"author":1,"featured_media":0,"parent":0,"menu_order":0,"comment_status":"closed","ping_status":"closed","template":"","meta":{"_sitemap_exclude":false,"_sitemap_priority":"","_sitemap_frequency":"","footnotes":""},"class_list":["post-1146","page","type-page","status-publish","hentry"],"_links":{"self":[{"href":"https:\/\/pinati.com.tr\/tr\/wp-json\/wp\/v2\/pages\/1146","targetHints":{"allow":["GET"]}}],"collection":[{"href":"https:\/\/pinati.com.tr\/tr\/wp-json\/wp\/v2\/pages"}],"about":[{"href":"https:\/\/pinati.com.tr\/tr\/wp-json\/wp\/v2\/types\/page"}],"author":[{"embeddable":true,"href":"https:\/\/pinati.com.tr\/tr\/wp-json\/wp\/v2\/users\/1"}],"replies":[{"embeddable":true,"href":"https:\/\/pinati.com.tr\/tr\/wp-json\/wp\/v2\/comments?post=1146"}],"version-history":[{"count":0,"href":"https:\/\/pinati.com.tr\/tr\/wp-json\/wp\/v2\/pages\/1146\/revisions"}],"wp:attachment":[{"href":"https:\/\/pinati.com.tr\/tr\/wp-json\/wp\/v2\/media?parent=1146"}],"curies":[{"name":"wp","href":"https:\/\/api.w.org\/{rel}","templated":true}]}}