{"id":1096,"date":"2023-03-05T10:34:59","date_gmt":"2023-03-05T10:34:59","guid":{"rendered":"https:\/\/pinati.com.tr\/?page_id=1096"},"modified":"2023-04-23T19:56:33","modified_gmt":"2023-04-23T16:56:33","slug":"procurement","status":"publish","type":"page","link":"https:\/\/pinati.com.tr\/tr\/procurement\/","title":{"rendered":"procurement"},"content":{"rendered":"<div data-elementor-type=\"wp-page\" data-elementor-id=\"1096\" class=\"elementor elementor-1096\">\n\t\t\t\t\t\t<section class=\"elementor-section elementor-top-section elementor-element elementor-element-1c6abb5 elementor-section-full_width elementor-section-height-min-height elementor-section-stretched elementor-section-height-default elementor-section-items-middle wpr-particle-no wpr-jarallax-no wpr-parallax-no wpr-sticky-section-no wpr-equal-height-no\" data-id=\"1c6abb5\" data-element_type=\"section\" data-e-type=\"section\" data-settings=\"{&quot;stretch_section&quot;:&quot;section-stretched&quot;,&quot;background_background&quot;:&quot;classic&quot;}\">\n\t\t\t\t\t\t<div class=\"elementor-container elementor-column-gap-default\">\n\t\t\t\t\t<div class=\"elementor-column elementor-col-100 elementor-top-column elementor-element elementor-element-2532cd9\" data-id=\"2532cd9\" data-element_type=\"column\" data-e-type=\"column\">\n\t\t\t<div class=\"elementor-widget-wrap\">\n\t\t\t\t\t\t\t<\/div>\n\t\t<\/div>\n\t\t\t\t\t<\/div>\n\t\t<\/section>\n\t\t\t\t<section class=\"elementor-section elementor-top-section elementor-element elementor-element-3ffc9b1 elementor-section-boxed elementor-section-height-default elementor-section-height-default wpr-particle-no wpr-jarallax-no wpr-parallax-no wpr-sticky-section-no wpr-equal-height-no\" data-id=\"3ffc9b1\" data-element_type=\"section\" data-e-type=\"section\">\n\t\t\t\t\t\t<div class=\"elementor-container elementor-column-gap-default\">\n\t\t\t\t\t<div class=\"elementor-column elementor-col-50 elementor-top-column elementor-element elementor-element-a54779e\" data-id=\"a54779e\" data-element_type=\"column\" data-e-type=\"column\">\n\t\t\t<div class=\"elementor-widget-wrap elementor-element-populated\">\n\t\t\t\t\t\t<div class=\"elementor-element elementor-element-7071571 elementor-widget elementor-widget-text-editor\" data-id=\"7071571\" data-element_type=\"widget\" data-e-type=\"widget\" data-widget_type=\"text-editor.default\">\n\t\t\t\t<div class=\"elementor-widget-container\">\n\t\t\t\t\t\t\t\t\t<h2 style=\"text-align: left;\">Faaliyetler<\/h2><p><a href=\"https:\/\/pinati.com.tr\/tr\/investment\/\">\u0130\u015f ba\u015far\u0131s\u0131n\u0131 sa\u011flamak i\u00e7in dan\u0131\u015fmanl\u0131k<\/a><\/p><p>D\u0131\u015f ticareti desteklemek ve kolayla\u015ft\u0131rmak<\/p><p><a href=\"https:\/\/pinati.com.tr\/tr\/finance\/\">Ticaret ve sat\u0131n alma finansman\u0131<\/a><\/p>\t\t\t\t\t\t\t\t<\/div>\n\t\t\t\t<\/div>\n\t\t\t\t\t<\/div>\n\t\t<\/div>\n\t\t\t\t<div class=\"elementor-column elementor-col-50 elementor-top-column elementor-element elementor-element-e6bebca\" data-id=\"e6bebca\" data-element_type=\"column\" data-e-type=\"column\">\n\t\t\t<div class=\"elementor-widget-wrap elementor-element-populated\">\n\t\t\t\t\t\t<div class=\"elementor-element elementor-element-85e264f elementor-widget elementor-widget-text-editor\" data-id=\"85e264f\" data-element_type=\"widget\" data-e-type=\"widget\" data-widget_type=\"text-editor.default\">\n\t\t\t\t<div class=\"elementor-widget-container\">\n\t\t\t\t\t\t\t\t\t<h4 style=\"text-align: center;\">D\u0131\u015f ticareti desteklemek ve kolayla\u015ft\u0131rmak<\/h4><p style=\"text-align: left;\">We offer comprehensive services that include sourcing the required products from the country of origin to the port of destination. We provide value-added solutions, from sourcing raw materials at competitive prices to facilitating logistics, quality monitoring, loading, and shipping.<br \/>With over 40 years of experience in international trade and excellent relationships with global manufacturers, we have developed international procurement strategies and creative business management solutions that have significantly increased our clients&#8217; business performance while reducing their costs.<br \/>Our team of experienced professionals matches everything to the specific needs of our clients, from the moment of request to the delivery stage, to ensure that the work proceeds according to the agreed terms and conditions, thereby maximizing benefits for all parties involved.<br \/>At Pinati, we are committed to providing exceptional customer service, and our goal is to help our clients achieve their goals and maximize their success in the global marketplace.<\/p><h4 style=\"text-align: center;\">Uluslararas\u0131 ticaret, sanayi ve teknolojinin \u00f6n saflar\u0131nda<\/h4><p style=\"text-align: left;\">As a leading company in international trade, industry, and technology, we have established strong relationships with international suppliers over the years, forming the foundation of our global sourcing network. Our extensive database allows us to offer our customers access to suppliers in many countries, enabling them to meet their logistics needs with confidence, knowing they will receive quality products at a competitive price.<br \/>We provide comprehensive support to our customers throughout the entire ordering, payment, and shipping process, with the aim of minimizing any associated risks.<br \/>At Pinati, we provide supply chain services for raw materials and production machinery, ensuring a seamless experience from origin to destination. Our value-added solution includes raw material procurement, logistics facilitation, quality inspection, cargo loading, and secure payment through recognized financial institutions. This service ensures our customers can conduct business transactions securely and with peace of mind.<\/p><p style=\"font-family: 'Open Sans'; line-height: 1.6; color: #46707f; text-align: left;\">\u00bb Daha fazlas\u0131n\u0131 okuyun\u00a0<a style=\"margin: 0px; padding: 0px; outline: 0px; font-size: 1em; line-height: 1.5; color: #03a9f4;\" href=\"\/tr\/sectors\/\">Faaliyet alanlar\u0131m\u0131z hakk\u0131nda<\/a><\/p>\t\t\t\t\t\t\t\t<\/div>\n\t\t\t\t<\/div>\n\t\t\t\t\t<\/div>\n\t\t<\/div>\n\t\t\t\t\t<\/div>\n\t\t<\/section>\n\t\t\t\t<\/div>","protected":false},"excerpt":{"rendered":"<p>Activities Consulting to ensure business success Supporting and facilitating foreign trade Trade and purchase finance Supporting and facilitating foreign trade We offer comprehensive services that include sourcing the required products from the country of origin to the port of destination. We provide value-added solutions, from sourcing raw materials at competitive prices to facilitating logistics, quality monitoring, loading, and shipping.With over 40 years of experience in international trade and excellent relationships with global manufacturers, we have developed international procurement strategies and creative business management solutions that have significantly increased our clients&#8217; business performance while reducing their costs.Our team of experienced professionals matches everything to the specific needs of our clients, from the moment of request to the delivery stage, to ensure that the work proceeds according to the agreed terms and conditions, thereby maximizing benefits for all parties involved.At Pinati, we are committed to providing exceptional customer service, and our goal is to help our clients achieve their goals and maximize their success in the global marketplace. At the forefront of international trade, industry and technology As a leading company in international trade, industry, and technology, we have established strong relationships with international suppliers over the years, forming the foundation of our global sourcing network. Our extensive database allows us to offer our customers access to suppliers in many countries, enabling them to meet their logistics needs with confidence, knowing they will receive quality products at a competitive price.We provide comprehensive support to our customers throughout the entire ordering, payment, and shipping process, with the aim of minimizing any associated risks.At Pinati, we provide supply chain services for raw materials and production machinery, ensuring a seamless experience from origin to destination. Our value-added solution includes raw material procurement, logistics facilitation, quality inspection, cargo loading, and secure payment through recognized financial institutions. This service ensures our customers can conduct business transactions securely and with peace of mind. \u00bb Read more about our\u00a0fields of activity<\/p>","protected":false},"author":1,"featured_media":0,"parent":0,"menu_order":0,"comment_status":"closed","ping_status":"closed","template":"","meta":{"_sitemap_exclude":false,"_sitemap_priority":"","_sitemap_frequency":"","footnotes":""},"class_list":["post-1096","page","type-page","status-publish","hentry"],"_links":{"self":[{"href":"https:\/\/pinati.com.tr\/tr\/wp-json\/wp\/v2\/pages\/1096","targetHints":{"allow":["GET"]}}],"collection":[{"href":"https:\/\/pinati.com.tr\/tr\/wp-json\/wp\/v2\/pages"}],"about":[{"href":"https:\/\/pinati.com.tr\/tr\/wp-json\/wp\/v2\/types\/page"}],"author":[{"embeddable":true,"href":"https:\/\/pinati.com.tr\/tr\/wp-json\/wp\/v2\/users\/1"}],"replies":[{"embeddable":true,"href":"https:\/\/pinati.com.tr\/tr\/wp-json\/wp\/v2\/comments?post=1096"}],"version-history":[{"count":0,"href":"https:\/\/pinati.com.tr\/tr\/wp-json\/wp\/v2\/pages\/1096\/revisions"}],"wp:attachment":[{"href":"https:\/\/pinati.com.tr\/tr\/wp-json\/wp\/v2\/media?parent=1096"}],"curies":[{"name":"wp","href":"https:\/\/api.w.org\/{rel}","templated":true}]}}